{"id":13835,"date":"2021-02-02T14:12:08","date_gmt":"2021-02-02T13:12:08","guid":{"rendered":"https:\/\/www.wo-ho.at\/borg\/?page_id=13835"},"modified":"2021-02-04T13:30:06","modified_gmt":"2021-02-04T12:30:06","slug":"news","status":"publish","type":"page","link":"https:\/\/www.wo-ho.at\/borg\/news\/","title":{"rendered":"News"},"content":{"rendered":"\t\t<div data-elementor-type=\"wp-page\" data-elementor-id=\"13835\" class=\"elementor elementor-13835\" data-elementor-settings=\"[]\">\n\t\t\t\t\t\t\t<div class=\"elementor-section-wrap\">\n\t\t\t\t\t\t\t<section class=\"elementor-section elementor-top-section elementor-element elementor-element-33832cc elementor-section-boxed elementor-section-height-default elementor-section-height-default\" data-id=\"33832cc\" data-element_type=\"section\">\n\t\t\t\t\t\t<div class=\"elementor-container elementor-column-gap-default\">\n\t\t\t\t\t<div class=\"elementor-column elementor-col-100 elementor-top-column elementor-element elementor-element-0c8e988\" data-id=\"0c8e988\" data-element_type=\"column\">\n\t\t\t<div class=\"elementor-widget-wrap elementor-element-populated\">\n\t\t\t\t\t\t\t\t<div class=\"elementor-element elementor-element-00efeb7 elementor-widget elementor-widget-ucaddon_post_blocks\" data-id=\"00efeb7\" data-element_type=\"widget\" data-widget_type=\"ucaddon_post_blocks.default\">\n\t\t\t\t<div class=\"elementor-widget-container\">\n\t\t\t<!-- start Post Blocks -->\n\t\t\t<style type=\"text\/css\">\/* widget: Post Blocks *\/\n\n#uc_post_blocks_elementor13681 {\n    display:grid;\n\tgrid-template-columns: repeat(4, 1fr);\n}\n#uc_post_blocks_elementor13681 .ue_post_blocks_box\n{\n  overflow:hidden;\n}\n\n#uc_post_blocks_elementor13681 .ue_post_blocks_image\n{\n  overflow:hidden;\n}\n#uc_post_blocks_elementor13681 .ue_post_blocks_image img\n{\n  object-fit: contain;\n  object-position:center center;\n  width:100%;\n  display:block;\n}\n#uc_post_blocks_elementor13681 .ue_post_blocks_link a\n{\n  display:inline-block;\n  text-decoration:none;\n  text-align:center;\n}\n\n #uc_post_blocks_elementor13681 .ue_post_blocks_box img\n{\n  transition:0.5s;\n}\n #uc_post_blocks_elementor13681 .ue_post_blocks_box:hover img\n{\n  transform:scale(1.1,1.1);\n}\n\n@media screen and (max-width: 800px) {\n  #uc_post_blocks_elementor13681 {\n  grid-template-columns: repeat(2, 1fr);\n  }\n}\n\n@media screen and (max-width: 420px) {\n   #uc_post_blocks_elementor13681 {\n  grid-template-columns: repeat(1, 1fr);\n   }\n}\n\n<\/style>\n\n\t\t\t<div id=\"uc_post_blocks_elementor13681\" class=\"ue_post_blocks\">\n    <div class=\"ue_post_blocks_box\" style=\"text-align:left;\">\n    <div class=\"ue_post_blocks_image\">\n    <a href=\"https:\/\/www.wo-ho.at\/borg\/2021\/02\/informationen-zum-schichtbetrieb-ab-15-februar\/\" style=\"display:block;\"><img decoding=\"async\" src=\"https:\/\/www.wo-ho.at\/borg\/wp-content\/uploads\/2021\/02\/thumb-185.jpg\"><\/a>\n  <\/div>\n    <div class=\"ue_post_blocks_content\">\n    <div class=\"ue_post_blocks_title\"><a href=\"https:\/\/www.wo-ho.at\/borg\/2021\/02\/informationen-zum-schichtbetrieb-ab-15-februar\/\">Informationen zum Schichtbetrieb ab 15. Februar<\/a><\/div>    <div class=\"ue_post_blocks_date\">21 February 2021<\/div>    <div class=\"ue_post_blocks_text\">Die Corona-Testungen finden\u00a0montags\u00a0und\u00a0mittwochs\u00a0jeweils in der 1. Einheit mit der jeweiligen Fachlehrperson...<\/div>      <\/div>\n<\/div>\n<div class=\"ue_post_blocks_box\" style=\"text-align:left;\">\n    <div class=\"ue_post_blocks_image\">\n    <a href=\"https:\/\/www.wo-ho.at\/borg\/2021\/02\/infos-zum-schichtbetrieb\/\" style=\"display:block;\"><img decoding=\"async\" src=\"https:\/\/www.wo-ho.at\/borg\/wp-content\/uploads\/2021\/02\/thumb-30.jpg\"><\/a>\n  <\/div>\n    <div class=\"ue_post_blocks_content\">\n    <div class=\"ue_post_blocks_title\"><a href=\"https:\/\/www.wo-ho.at\/borg\/2021\/02\/infos-zum-schichtbetrieb\/\">Infos zum Schichtbetrieb<\/a><\/div>    <div class=\"ue_post_blocks_date\">08 February 2021<\/div>    <div class=\"ue_post_blocks_text\">Wir w\u00fcnschen allen Sch\u00fclerinnen und Sch\u00fclern nach den herausfordernden letzten Wochen zuallererst\u00a0sch\u00f6ne,...<\/div>      <\/div>\n<\/div>\n<div class=\"ue_post_blocks_box\" style=\"text-align:left;\">\n    <div class=\"ue_post_blocks_image\">\n    <a href=\"https:\/\/www.wo-ho.at\/borg\/2021\/02\/anmeldung-fuer-das-schuljahr-2021-22\/\" style=\"display:block;\"><img decoding=\"async\" src=\"https:\/\/www.wo-ho.at\/borg\/wp-content\/uploads\/2021\/02\/thumb-17.jpg\"><\/a>\n  <\/div>\n    <div class=\"ue_post_blocks_content\">\n    <div class=\"ue_post_blocks_title\"><a href=\"https:\/\/www.wo-ho.at\/borg\/2021\/02\/anmeldung-fuer-das-schuljahr-2021-22\/\">Anmeldung f\u00fcr das Schuljahr 2021\/22<\/a><\/div>    <div class=\"ue_post_blocks_date\">02 February 2021<\/div>    <div class=\"ue_post_blocks_text\">Verbindliche Anmeldungen sind in den vorgezogenen Semesterferien am\u00a0Montag, 8.2.2021\u00a0und am\u00a0Freitag,...<\/div>      <\/div>\n<\/div>\n<div class=\"ue_post_blocks_box\" style=\"text-align:left;\">\n    <div class=\"ue_post_blocks_image\">\n    <a href=\"https:\/\/www.wo-ho.at\/borg\/2021\/01\/hallo-welt\/\" style=\"display:block;\"><img decoding=\"async\" src=\"https:\/\/www.wo-ho.at\/borg\/wp-content\/uploads\/2021\/01\/thumb.jpg\"><\/a>\n  <\/div>\n    <div class=\"ue_post_blocks_content\">\n    <div class=\"ue_post_blocks_title\"><a href=\"https:\/\/www.wo-ho.at\/borg\/2021\/01\/hallo-welt\/\">Absage: Schulrundgang<\/a><\/div>    <div class=\"ue_post_blocks_date\">07 January 2021<\/div>    <div class=\"ue_post_blocks_text\">LEIDER D\u00dcRFEN UNSERE GEPLANTEN SCHULF\u00dcHRUNGEN WEGEN DES VERL\u00c4NGERTEN LOCKDOWNS NICHT STATTFINDEN.Aufgrund...<\/div>      <\/div>\n<\/div>\n<div class=\"ue_post_blocks_box\" style=\"text-align:left;\">\n    <div class=\"ue_post_blocks_image\">\n    <a href=\"https:\/\/www.wo-ho.at\/borg\/2020\/12\/teilweise-schuloeffnung\/\" style=\"display:block;\"><img decoding=\"async\" src=\"https:\/\/www.wo-ho.at\/borg\/wp-content\/uploads\/2021\/01\/thumb3.jpg\"><\/a>\n  <\/div>\n    <div class=\"ue_post_blocks_content\">\n    <div class=\"ue_post_blocks_title\"><a href=\"https:\/\/www.wo-ho.at\/borg\/2020\/12\/teilweise-schuloeffnung\/\">Teilweise Schul\u00f6ffnung<\/a><\/div>    <div class=\"ue_post_blocks_date\">06 December 2020<\/div>    <div class=\"ue_post_blocks_text\">Ab 9. Dezember wird an unserer Schule wieder teilweise Pr\u00e4senzunterricht stattfinden \u2013 insbesondere f\u00fcr...<\/div>      <\/div>\n<\/div>\n<div class=\"ue_post_blocks_box\" style=\"text-align:left;\">\n    <div class=\"ue_post_blocks_image\">\n    <a href=\"https:\/\/www.wo-ho.at\/borg\/2020\/11\/berufserlebnistag-urfahr-umgebung\/\" style=\"display:block;\"><img decoding=\"async\" src=\"https:\/\/www.wo-ho.at\/borg\/wp-content\/uploads\/2021\/01\/thumb2.jpg\"><\/a>\n  <\/div>\n    <div class=\"ue_post_blocks_content\">\n    <div class=\"ue_post_blocks_title\"><a href=\"https:\/\/www.wo-ho.at\/borg\/2020\/11\/berufserlebnistag-urfahr-umgebung\/\">Berufserlebnistag Urfahr Umgebung<\/a><\/div>    <div class=\"ue_post_blocks_date\">20 November 2020<\/div>    <div class=\"ue_post_blocks_text\">Auch in Zeiten des Lockdowns gibt es die M\u00f6glichkeit, das BORG Bad Leonfelden kennenzulernen: beim\u00a0\u201eDigitalen...<\/div>      <\/div>\n<\/div>\n<div class=\"ue_post_blocks_box\" style=\"text-align:left;\">\n    <div class=\"ue_post_blocks_image\">\n    <a href=\"https:\/\/www.wo-ho.at\/borg\/2020\/11\/corona-update-distance-learning\/\" style=\"display:block;\"><img decoding=\"async\" src=\"https:\/\/www.wo-ho.at\/borg\/wp-content\/uploads\/2020\/11\/thumb.jpg\"><\/a>\n  <\/div>\n    <div class=\"ue_post_blocks_content\">\n    <div class=\"ue_post_blocks_title\"><a href=\"https:\/\/www.wo-ho.at\/borg\/2020\/11\/corona-update-distance-learning\/\">Corona-Update: Distance Learning<\/a><\/div>    <div class=\"ue_post_blocks_date\">03 November 2020<\/div>    <div class=\"ue_post_blocks_text\">Die Schulampel steht auf ORANGE. Daher wird unser Schulbetrieb ab 3. November 2020 auf Distance-Learning...<\/div>      <\/div>\n<\/div>\n<div class=\"ue_post_blocks_box\" style=\"text-align:left;\">\n    <div class=\"ue_post_blocks_image\">\n    <a href=\"https:\/\/www.wo-ho.at\/borg\/2020\/10\/artig-das-voting-laeuft\/\" style=\"display:block;\"><img decoding=\"async\" src=\"https:\/\/www.wo-ho.at\/borg\/wp-content\/uploads\/2021\/01\/Instagram1.jpg\"><\/a>\n  <\/div>\n    <div class=\"ue_post_blocks_content\">\n    <div class=\"ue_post_blocks_title\"><a href=\"https:\/\/www.wo-ho.at\/borg\/2020\/10\/artig-das-voting-laeuft\/\">#ARTig: Das Voting l\u00e4uft<\/a><\/div>    <div class=\"ue_post_blocks_date\">21 October 2020<\/div>    <div class=\"ue_post_blocks_text\">Am&amp;nbsp;11. Februar 2021&amp;nbsp;wird unser heuriges Showprojekt unter dem Titel \u201c#ARTig\u201d als Livestream...<\/div>      <\/div>\n<\/div>\n<div class=\"ue_post_blocks_box\" style=\"text-align:left;\">\n    <div class=\"ue_post_blocks_image\">\n    <a href=\"https:\/\/www.wo-ho.at\/borg\/2020\/10\/neue-schuelerinnen-vertretung\/\" style=\"display:block;\"><img decoding=\"async\" src=\"https:\/\/www.wo-ho.at\/borg\/wp-content\/uploads\/2021\/01\/thumb-1.jpg\"><\/a>\n  <\/div>\n    <div class=\"ue_post_blocks_content\">\n    <div class=\"ue_post_blocks_title\"><a href=\"https:\/\/www.wo-ho.at\/borg\/2020\/10\/neue-schuelerinnen-vertretung\/\">Neue Sch\u00fclerInnen-Vertretung<\/a><\/div>    <div class=\"ue_post_blocks_date\">21 October 2020<\/div>    <div class=\"ue_post_blocks_text\">Generationenwechsel in der Sch\u00fclervertretung. Aurora Mazzuca, Lena Wabro und Nina Haugeneder sind die...<\/div>      <\/div>\n<\/div>\n<div class=\"ue_post_blocks_box\" style=\"text-align:left;\">\n    <div class=\"ue_post_blocks_image\">\n    <a href=\"https:\/\/www.wo-ho.at\/borg\/2020\/10\/neues-fach-im-bereich-instrumentalmusik-gesang-ensembleleitung\/\" style=\"display:block;\"><img decoding=\"async\" src=\"https:\/\/www.wo-ho.at\/borg\/wp-content\/uploads\/2021\/01\/thumb-2.jpg\"><\/a>\n  <\/div>\n    <div class=\"ue_post_blocks_content\">\n    <div class=\"ue_post_blocks_title\"><a href=\"https:\/\/www.wo-ho.at\/borg\/2020\/10\/neues-fach-im-bereich-instrumentalmusik-gesang-ensembleleitung\/\">Neues Fach im Bereich Instrumentalmusik\/Gesang: Ensembleleitung<\/a><\/div>    <div class=\"ue_post_blocks_date\">19 October 2020<\/div>    <div class=\"ue_post_blocks_text\">WAS? Baut auf den drei S\u00e4ulen Dirigieren, Stimmbildung und Klavierpraktikum aufWER?Zielgruppe sind Sch\u00fcler*innen,...<\/div>      <\/div>\n<\/div>\n<div class=\"ue_post_blocks_box\" style=\"text-align:left;\">\n    <div class=\"ue_post_blocks_image\">\n    <a href=\"https:\/\/www.wo-ho.at\/borg\/2020\/10\/elternabend-verschoben\/\" style=\"display:block;\"><img decoding=\"async\" src=\"https:\/\/www.wo-ho.at\/borg\/wp-content\/uploads\/2021\/02\/defaultthumb.jpg\"><\/a>\n  <\/div>\n    <div class=\"ue_post_blocks_content\">\n    <div class=\"ue_post_blocks_title\"><a href=\"https:\/\/www.wo-ho.at\/borg\/2020\/10\/elternabend-verschoben\/\">Elternabend verschoben<\/a><\/div>    <div class=\"ue_post_blocks_date\">16 October 2020<\/div>    <div class=\"ue_post_blocks_text\">Aufgrund der derzeitigen Corona-Situation m\u00fcssen wir den f\u00fcr 22. Oktober geplanten Elternabend verschieben....<\/div>      <\/div>\n<\/div>\n<div class=\"ue_post_blocks_box\" style=\"text-align:left;\">\n    <div class=\"ue_post_blocks_image\">\n    <a href=\"https:\/\/www.wo-ho.at\/borg\/2020\/10\/bildungsmesse-wels-online\/\" style=\"display:block;\"><img decoding=\"async\" src=\"https:\/\/www.wo-ho.at\/borg\/wp-content\/uploads\/2021\/01\/thumb-17.jpg\"><\/a>\n  <\/div>\n    <div class=\"ue_post_blocks_content\">\n    <div class=\"ue_post_blocks_title\"><a href=\"https:\/\/www.wo-ho.at\/borg\/2020\/10\/bildungsmesse-wels-online\/\">Bildungsmesse Wels online<\/a><\/div>    <div class=\"ue_post_blocks_date\">13 October 2020<\/div>    <div class=\"ue_post_blocks_text\">Coronabedingt findet die\u00a0\u201eMesse Jugend &amp;amp; Beruf\u201c\u00a0vom\u00a020. bis 24. Oktober 2020\u00a0online statt. Auch wir...<\/div>      <\/div>\n<\/div>\n\n<\/div>\n\t\t\t<!-- end Post Blocks --><div class='uc-posts-pagination'><span aria-current=\"page\" class=\"page-numbers current\">1<\/span>\n<a class=\"page-numbers\" href=\"https:\/\/www.wo-ho.at\/borg\/news\/2\/\">2<\/a>\n<a class=\"page-numbers\" href=\"https:\/\/www.wo-ho.at\/borg\/news\/3\/\">3<\/a>\n<span class=\"page-numbers dots\">&hellip;<\/span>\n<a class=\"page-numbers\" href=\"https:\/\/www.wo-ho.at\/borg\/news\/12\/\">12<\/a><\/div>\t\t<\/div>\n\t\t\t\t<\/div>\n\t\t\t\t\t<\/div>\n\t\t<\/div>\n\t\t\t\t\t\t\t<\/div>\n\t\t<\/section>\n\t\t\t\t\t\t<\/div>\n\t\t\t\t\t<\/div>\n\t\t","protected":false},"excerpt":{"rendered":"<p>Anmeldung f\u00fcr das Schuljahr 2021\/22 02 Februar 2021 Verbindliche Anmeldungen sind in den vorgezogenen Semesterferien am\u00a0Montag, 8.2.2021\u00a0und am\u00a0Freitag,&#8230; Absage: Schulrundgang 07 Januar 2021 LEIDER D\u00dcRFEN UNSERE GEPLANTEN SCHULF\u00dcHRUNGEN WEGEN DES VERL\u00c4NGERTEN LOCKDOWNS NICHT STATTFINDEN.Aufgrund&#8230; Teilweise Schul\u00f6ffnung 06 Dezember 2020 Ab 9. Dezember wird an unserer Schule wieder teilweise Pr\u00e4senzunterricht stattfinden \u2013 insbesondere f\u00fcr&#8230; Berufserlebnistag Urfahr Umgebung 20 November 2020 Auch in Zeiten des Lockdowns gibt es die M\u00f6glichkeit, das BORG Bad Leonfelden kennenzulernen: beim\u00a0\u201eDigitalen&#8230; Corona-Update: Distance Learning 03 November 2020 Die Schulampel steht auf ORANGE. Daher wird unser Schulbetrieb ab 3. November 2020 auf Distance-Learning&#8230; #ARTig: Das Voting l\u00e4uft 21 Oktober 2020 Am&amp;nbsp;11. Februar 2021&amp;nbsp;wird unser heuriges Showprojekt unter dem Titel \u201c#ARTig\u201d als Livestream&#8230; Neue Sch\u00fclerInnen-Vertretung 21 Oktober 2020 Generationenwechsel in der Sch\u00fclervertretung. Aurora Mazzuca, Lena Wabro und Nina Haugeneder sind die&#8230; Neues Fach im Bereich Instrumentalmusik\/Gesang: Ensembleleitung 19 Oktober 2020 WAS? Baut auf den drei S\u00e4ulen Dirigieren, Stimmbildung und Klavierpraktikum aufWER?Zielgruppe sind Sch\u00fcler*innen,&#8230; Elternabend verschoben 16 Oktober 2020 Aufgrund der derzeitigen Corona-Situation m\u00fcssen wir den f\u00fcr 22. Oktober geplanten Elternabend verschieben&#8230;. Bildungsmesse Wels online 13 Oktober 2020 Coronabedingt findet die\u00a0\u201eMesse Jugend &amp;amp; Beruf\u201c\u00a0vom\u00a020. bis 24. Oktober 2020\u00a0online statt. Auch wir&#8230; Schnuppern im BORG Bad Leonfelden 13 Oktober 2020 Du m\u00f6chtest das BORG Bad Leonfelden kennenlernen? Einen Vormittag hautnah miterleben? Dann komm bei uns&#8230; Prix Ars Electronica 2020 13 September 2020 Das Ars Electronica Festival fand heuer aufgrund der Corona-Pandemie \u00fcberwiegend online und an vielen&#8230; 1 2 3 4 5<\/p>\n","protected":false},"author":17,"featured_media":0,"parent":0,"menu_order":0,"comment_status":"closed","ping_status":"closed","template":"","meta":{"footnotes":""},"class_list":["post-13835","page","type-page","status-publish","hentry"],"_links":{"self":[{"href":"https:\/\/www.wo-ho.at\/borg\/wp-json\/wp\/v2\/pages\/13835","targetHints":{"allow":["GET"]}}],"collection":[{"href":"https:\/\/www.wo-ho.at\/borg\/wp-json\/wp\/v2\/pages"}],"about":[{"href":"https:\/\/www.wo-ho.at\/borg\/wp-json\/wp\/v2\/types\/page"}],"author":[{"embeddable":true,"href":"https:\/\/www.wo-ho.at\/borg\/wp-json\/wp\/v2\/users\/17"}],"replies":[{"embeddable":true,"href":"https:\/\/www.wo-ho.at\/borg\/wp-json\/wp\/v2\/comments?post=13835"}],"version-history":[{"count":7,"href":"https:\/\/www.wo-ho.at\/borg\/wp-json\/wp\/v2\/pages\/13835\/revisions"}],"predecessor-version":[{"id":14357,"href":"https:\/\/www.wo-ho.at\/borg\/wp-json\/wp\/v2\/pages\/13835\/revisions\/14357"}],"wp:attachment":[{"href":"https:\/\/www.wo-ho.at\/borg\/wp-json\/wp\/v2\/media?parent=13835"}],"curies":[{"name":"wp","href":"https:\/\/api.w.org\/{rel}","templated":true}]}}