{"id":13804,"date":"2021-02-02T12:53:13","date_gmt":"2021-02-02T11:53:13","guid":{"rendered":"https:\/\/www.wo-ho.at\/borg\/?page_id=13804"},"modified":"2021-02-02T13:17:57","modified_gmt":"2021-02-02T12:17:57","slug":"bildnerische-erziehung","status":"publish","type":"page","link":"https:\/\/www.wo-ho.at\/borg\/bildnerische-erziehung\/","title":{"rendered":"Bildnerische Erziehung"},"content":{"rendered":"\t\t<div data-elementor-type=\"wp-page\" data-elementor-id=\"13804\" class=\"elementor elementor-13804\" data-elementor-settings=\"[]\">\n\t\t\t\t\t\t\t<div class=\"elementor-section-wrap\">\n\t\t\t\t\t\t\t<section class=\"elementor-section elementor-top-section elementor-element elementor-element-33832cc elementor-section-boxed elementor-section-height-default elementor-section-height-default\" data-id=\"33832cc\" data-element_type=\"section\">\n\t\t\t\t\t\t<div class=\"elementor-container elementor-column-gap-default\">\n\t\t\t\t\t<div class=\"elementor-column elementor-col-100 elementor-top-column elementor-element elementor-element-0c8e988\" data-id=\"0c8e988\" data-element_type=\"column\">\n\t\t\t<div class=\"elementor-widget-wrap elementor-element-populated\">\n\t\t\t\t\t\t\t\t<div class=\"elementor-element elementor-element-00efeb7 elementor-widget elementor-widget-ucaddon_post_blocks\" data-id=\"00efeb7\" data-element_type=\"widget\" data-widget_type=\"ucaddon_post_blocks.default\">\n\t\t\t\t<div class=\"elementor-widget-container\">\n\t\t\t<!-- start Post Blocks -->\n\t\t\t<style type=\"text\/css\">\/* widget: Post Blocks *\/\n\n#uc_post_blocks_elementor11647 {\n    display:grid;\n\tgrid-template-columns: repeat(4, 1fr);\n}\n#uc_post_blocks_elementor11647 .ue_post_blocks_box\n{\n  overflow:hidden;\n}\n\n#uc_post_blocks_elementor11647 .ue_post_blocks_image\n{\n  overflow:hidden;\n}\n#uc_post_blocks_elementor11647 .ue_post_blocks_image img\n{\n  object-fit: contain;\n  object-position:center center;\n  width:100%;\n  display:block;\n}\n#uc_post_blocks_elementor11647 .ue_post_blocks_link a\n{\n  display:inline-block;\n  text-decoration:none;\n  text-align:center;\n}\n\n #uc_post_blocks_elementor11647 .ue_post_blocks_box img\n{\n  transition:0.5s;\n}\n #uc_post_blocks_elementor11647 .ue_post_blocks_box:hover img\n{\n  transform:scale(1.1,1.1);\n}\n\n@media screen and (max-width: 800px) {\n  #uc_post_blocks_elementor11647 {\n  grid-template-columns: repeat(2, 1fr);\n  }\n}\n\n@media screen and (max-width: 420px) {\n   #uc_post_blocks_elementor11647 {\n  grid-template-columns: repeat(1, 1fr);\n   }\n}\n\n<\/style>\n\n\t\t\t<div id=\"uc_post_blocks_elementor11647\" class=\"ue_post_blocks\">\n    <div class=\"ue_post_blocks_box\" style=\"text-align:left;\">\n    <div class=\"ue_post_blocks_image\">\n    <a href=\"https:\/\/www.wo-ho.at\/borg\/2021\/02\/like-an-egyptian\/\" style=\"display:block;\"><img decoding=\"async\" src=\"https:\/\/www.wo-ho.at\/borg\/wp-content\/uploads\/2021\/02\/thumb-57.jpg\"><\/a>\n  <\/div>\n    <div class=\"ue_post_blocks_content\">\n    <div class=\"ue_post_blocks_title\"><a href=\"https:\/\/www.wo-ho.at\/borg\/2021\/02\/like-an-egyptian\/\">Like an Egyptian<\/a><\/div>        <div class=\"ue_post_blocks_text\">Nachdem wir uns in der Kunstgeschichte der Kunst der alten \u00c4gypter gewidmet hatten, wollten wir versuchen...<\/div>      <\/div>\n<\/div>\n<div class=\"ue_post_blocks_box\" style=\"text-align:left;\">\n    <div class=\"ue_post_blocks_image\">\n    <a href=\"https:\/\/www.wo-ho.at\/borg\/2020\/10\/drucktechniken\/\" style=\"display:block;\"><img decoding=\"async\" src=\"https:\/\/www.wo-ho.at\/borg\/wp-content\/uploads\/2021\/02\/thumb-32.jpg\"><\/a>\n  <\/div>\n    <div class=\"ue_post_blocks_content\">\n    <div class=\"ue_post_blocks_title\"><a href=\"https:\/\/www.wo-ho.at\/borg\/2020\/10\/drucktechniken\/\">Drucktechniken<\/a><\/div>        <div class=\"ue_post_blocks_text\">Bei der Besch\u00e4ftigung mit den Vervielf\u00e4ltigungsm\u00f6glichkeiten von Kunstwerken betrachteten wir eingehend...<\/div>      <\/div>\n<\/div>\n<div class=\"ue_post_blocks_box\" style=\"text-align:left;\">\n    <div class=\"ue_post_blocks_image\">\n    <a href=\"https:\/\/www.wo-ho.at\/borg\/2020\/10\/ihobby\/\" style=\"display:block;\"><img decoding=\"async\" src=\"https:\/\/www.wo-ho.at\/borg\/wp-content\/uploads\/2021\/02\/thumb-33.jpg\"><\/a>\n  <\/div>\n    <div class=\"ue_post_blocks_content\">\n    <div class=\"ue_post_blocks_title\"><a href=\"https:\/\/www.wo-ho.at\/borg\/2020\/10\/ihobby\/\">iHobby<\/a><\/div>        <div class=\"ue_post_blocks_text\">Ansto\u00df zu dieser Idee gab die Arbeit am Projekt\u00a0\u201ciPad Memory\u201d. Die Anmutungsqualit\u00e4t der halbfertig bearbeiteten...<\/div>      <\/div>\n<\/div>\n<div class=\"ue_post_blocks_box\" style=\"text-align:left;\">\n    <div class=\"ue_post_blocks_image\">\n    <a href=\"https:\/\/www.wo-ho.at\/borg\/2020\/08\/the-story-behind-it\/\" style=\"display:block;\"><img decoding=\"async\" src=\"https:\/\/www.wo-ho.at\/borg\/wp-content\/uploads\/2021\/02\/thumb-31.jpg\"><\/a>\n  <\/div>\n    <div class=\"ue_post_blocks_content\">\n    <div class=\"ue_post_blocks_title\"><a href=\"https:\/\/www.wo-ho.at\/borg\/2020\/08\/the-story-behind-it\/\">The Story behind it<\/a><\/div>        <div class=\"ue_post_blocks_text\">Bilder, ganz gleich ob Fotografie, Malerei oder wie auch immer produziert, stellen stets nur einen kurzen...<\/div>      <\/div>\n<\/div>\n<div class=\"ue_post_blocks_box\" style=\"text-align:left;\">\n    <div class=\"ue_post_blocks_image\">\n    <a href=\"https:\/\/www.wo-ho.at\/borg\/2020\/05\/maturaprojekte-2020\/\" style=\"display:block;\"><img decoding=\"async\" src=\"https:\/\/www.wo-ho.at\/borg\/wp-content\/uploads\/2021\/02\/thumb-184.jpg\"><\/a>\n  <\/div>\n    <div class=\"ue_post_blocks_content\">\n    <div class=\"ue_post_blocks_title\"><a href=\"https:\/\/www.wo-ho.at\/borg\/2020\/05\/maturaprojekte-2020\/\">Maturaprojekte 2020<\/a><\/div>        <div class=\"ue_post_blocks_text\">Auch heuer stellten sich unsere Maturantinnen und Maturanten als letztem Projekt im Fach Bildnerischer...<\/div>      <\/div>\n<\/div>\n<div class=\"ue_post_blocks_box\" style=\"text-align:left;\">\n    <div class=\"ue_post_blocks_image\">\n    <a href=\"https:\/\/www.wo-ho.at\/borg\/2020\/04\/kunst-zuhause\/\" style=\"display:block;\"><img decoding=\"async\" src=\"https:\/\/www.wo-ho.at\/borg\/wp-content\/uploads\/2021\/01\/thumb-3.jpg\"><\/a>\n  <\/div>\n    <div class=\"ue_post_blocks_content\">\n    <div class=\"ue_post_blocks_title\"><a href=\"https:\/\/www.wo-ho.at\/borg\/2020\/04\/kunst-zuhause\/\">Kunst zuhause<\/a><\/div>        <div class=\"ue_post_blocks_text\">Bedingt durch die Ausgangsbeschr\u00e4nkungen rund um die Covid-19 Pandemie, waren wir auf der Suche nach...<\/div>      <\/div>\n<\/div>\n<div class=\"ue_post_blocks_box\" style=\"text-align:left;\">\n    <div class=\"ue_post_blocks_image\">\n    <a href=\"https:\/\/www.wo-ho.at\/borg\/2019\/11\/zufallskunst\/\" style=\"display:block;\"><img decoding=\"async\" src=\"https:\/\/www.wo-ho.at\/borg\/wp-content\/uploads\/2019\/11\/thumb.jpg\"><\/a>\n  <\/div>\n    <div class=\"ue_post_blocks_content\">\n    <div class=\"ue_post_blocks_title\"><a href=\"https:\/\/www.wo-ho.at\/borg\/2019\/11\/zufallskunst\/\">Zufallskunst<\/a><\/div>        <div class=\"ue_post_blocks_text\">Die Erzeugung \u00e4sthetisch ansprechender Kunstwerke bedarf nicht immer zwangsl\u00e4ufig einem aufw\u00e4ndigen Planungsprozess....<\/div>      <\/div>\n<\/div>\n<div class=\"ue_post_blocks_box\" style=\"text-align:left;\">\n    <div class=\"ue_post_blocks_image\">\n    <a href=\"https:\/\/www.wo-ho.at\/borg\/2019\/06\/maturaprojekte-2019\/\" style=\"display:block;\"><img decoding=\"async\" src=\"https:\/\/www.wo-ho.at\/borg\/wp-content\/uploads\/2021\/02\/thumb-183.jpg\"><\/a>\n  <\/div>\n    <div class=\"ue_post_blocks_content\">\n    <div class=\"ue_post_blocks_title\"><a href=\"https:\/\/www.wo-ho.at\/borg\/2019\/06\/maturaprojekte-2019\/\">Maturaprojekte 2019<\/a><\/div>        <div class=\"ue_post_blocks_text\">Als letztes Kunstprojekt vor der Matura stellten sich die Sch\u00fclerinnen der 8A der Aufgabe ein Werk zu...<\/div>      <\/div>\n<\/div>\n<div class=\"ue_post_blocks_box\" style=\"text-align:left;\">\n    <div class=\"ue_post_blocks_image\">\n    <a href=\"https:\/\/www.wo-ho.at\/borg\/2019\/06\/styleswap\/\" style=\"display:block;\"><img decoding=\"async\" src=\"https:\/\/www.wo-ho.at\/borg\/wp-content\/uploads\/2019\/06\/thumb.jpg\"><\/a>\n  <\/div>\n    <div class=\"ue_post_blocks_content\">\n    <div class=\"ue_post_blocks_title\"><a href=\"https:\/\/www.wo-ho.at\/borg\/2019\/06\/styleswap\/\">Styleswap<\/a><\/div>        <div class=\"ue_post_blocks_text\">Es gibt viele Bilder aus der Kunstgeschichte, die jeder kennt oder zumindest schon einmal gesehen hat....<\/div>      <\/div>\n<\/div>\n<div class=\"ue_post_blocks_box\" style=\"text-align:left;\">\n    <div class=\"ue_post_blocks_image\">\n    <a href=\"https:\/\/www.wo-ho.at\/borg\/2019\/06\/kleinkunst\/\" style=\"display:block;\"><img decoding=\"async\" src=\"https:\/\/www.wo-ho.at\/borg\/wp-content\/uploads\/2021\/01\/thumb-5.jpg\"><\/a>\n  <\/div>\n    <div class=\"ue_post_blocks_content\">\n    <div class=\"ue_post_blocks_title\"><a href=\"https:\/\/www.wo-ho.at\/borg\/2019\/06\/kleinkunst\/\">Kleinkunst<\/a><\/div>        <div class=\"ue_post_blocks_text\">Dass gro\u00dfe Kunst auch auf engstem Raum stattfinden kann, bewiesen die Sch\u00fclerinnen der 7A, indem sie...<\/div>      <\/div>\n<\/div>\n<div class=\"ue_post_blocks_box\" style=\"text-align:left;\">\n    <div class=\"ue_post_blocks_image\">\n    <a href=\"https:\/\/www.wo-ho.at\/borg\/2019\/06\/bio-garten-eden\/\" style=\"display:block;\"><img decoding=\"async\" src=\"https:\/\/www.wo-ho.at\/borg\/wp-content\/uploads\/2019\/06\/thumb-1.jpg\"><\/a>\n  <\/div>\n    <div class=\"ue_post_blocks_content\">\n    <div class=\"ue_post_blocks_title\"><a href=\"https:\/\/www.wo-ho.at\/borg\/2019\/06\/bio-garten-eden\/\">Bio Garten Eden<\/a><\/div>        <div class=\"ue_post_blocks_text\">Die Ober\u00f6sterreichische Landesgartenschau 2019 fand heuer unter dem Motto \u201cBio Garten Eden\u201d in Aigen...<\/div>      <\/div>\n<\/div>\n<div class=\"ue_post_blocks_box\" style=\"text-align:left;\">\n    <div class=\"ue_post_blocks_image\">\n    <a href=\"https:\/\/www.wo-ho.at\/borg\/2019\/02\/figurzeichnen\/\" style=\"display:block;\"><img decoding=\"async\" src=\"https:\/\/www.wo-ho.at\/borg\/wp-content\/uploads\/2021\/02\/thumb-54.jpg\"><\/a>\n  <\/div>\n    <div class=\"ue_post_blocks_content\">\n    <div class=\"ue_post_blocks_title\"><a href=\"https:\/\/www.wo-ho.at\/borg\/2019\/02\/figurzeichnen\/\">Figurzeichnen<\/a><\/div>        <div class=\"ue_post_blocks_text\">Die Darstellung der menschlichen Figur geh\u00f6rt zu den anspruchsvollsten Aufgaben, denen wir uns im Unterricht...<\/div>      <\/div>\n<\/div>\n\n<\/div>\n\t\t\t<!-- end Post Blocks --><div class='uc-posts-pagination'><span aria-current=\"page\" class=\"page-numbers current\">1<\/span>\n<a class=\"page-numbers\" href=\"https:\/\/www.wo-ho.at\/borg\/bildnerische-erziehung\/2\/\">2<\/a>\n<a class=\"page-numbers\" href=\"https:\/\/www.wo-ho.at\/borg\/bildnerische-erziehung\/3\/\">3<\/a>\n<span class=\"page-numbers dots\">&hellip;<\/span>\n<a class=\"page-numbers\" href=\"https:\/\/www.wo-ho.at\/borg\/bildnerische-erziehung\/5\/\">5<\/a><\/div>\t\t<\/div>\n\t\t\t\t<\/div>\n\t\t\t\t\t<\/div>\n\t\t<\/div>\n\t\t\t\t\t\t\t<\/div>\n\t\t<\/section>\n\t\t\t\t\t\t<\/div>\n\t\t\t\t\t<\/div>\n\t\t","protected":false},"excerpt":{"rendered":"<p>Kunst zuhause Bedingt durch die Ausgangsbeschr\u00e4nkungen rund um die Covid-19 Pandemie, waren wir auf der Suche nach&#8230; Styleswap Es gibt viele Bilder aus der Kunstgeschichte, die jeder kennt oder zumindest schon einmal gesehen hat&#8230;. Abstrakte Hasen Angeregt von einem Wettbewerb der \u201cAlbertina\u201d und der \u201cEdition D\u00fcrer\u201d setzten sich die Sch\u00fclerinnen der&#8230; Kleinkunst Dass gro\u00dfe Kunst auch auf engstem Raum stattfinden kann, bewiesen die Sch\u00fclerinnen der 7A, indem sie&#8230; Shuffle Portrait Eigentlich als Abschlussprojekt der sechsten Klasse vorgesehen, zog sich dieses aufw\u00e4ndige Projekt noch&#8230; Schriftbilder Diese Arbeiten pr\u00e4sentierten wir bei der Vernissage im Rahmen unseres Vortragsabends \u201eBORG on Stage\u201c&#8230;. Living Diversity \u201eWir schreiben das Jahr 2816, das Borg Bad Leonfelden beteiligt sich an einem intergalaktischen Sch\u00fclerInnen-Austauschprogramm.Cibos,&#8230; Everyday Doodle Hierbei handelt es sich um eine kleine Zwischenarbeit f\u00fcr jene, die mit ihrer Arbeit besonders schnell&#8230; Doodle Nach unserer riesigen&nbsp;Graffitiwall im Vorjahr, haben wir uns wieder an ein gro\u00dfes Gemeinschaftsprojekt&#8230; Banana Art Die Sch\u00fclerinnen und Sch\u00fcler unser f\u00fcnften Klasse produzieren immer wieder Kunst zum Anbei\u00dfen. Diesmal&#8230; 1 2 3 4 5<\/p>\n","protected":false},"author":17,"featured_media":0,"parent":0,"menu_order":0,"comment_status":"closed","ping_status":"closed","template":"","meta":{"footnotes":""},"class_list":["post-13804","page","type-page","status-publish","hentry"],"_links":{"self":[{"href":"https:\/\/www.wo-ho.at\/borg\/wp-json\/wp\/v2\/pages\/13804","targetHints":{"allow":["GET"]}}],"collection":[{"href":"https:\/\/www.wo-ho.at\/borg\/wp-json\/wp\/v2\/pages"}],"about":[{"href":"https:\/\/www.wo-ho.at\/borg\/wp-json\/wp\/v2\/types\/page"}],"author":[{"embeddable":true,"href":"https:\/\/www.wo-ho.at\/borg\/wp-json\/wp\/v2\/users\/17"}],"replies":[{"embeddable":true,"href":"https:\/\/www.wo-ho.at\/borg\/wp-json\/wp\/v2\/comments?post=13804"}],"version-history":[{"count":5,"href":"https:\/\/www.wo-ho.at\/borg\/wp-json\/wp\/v2\/pages\/13804\/revisions"}],"predecessor-version":[{"id":13829,"href":"https:\/\/www.wo-ho.at\/borg\/wp-json\/wp\/v2\/pages\/13804\/revisions\/13829"}],"wp:attachment":[{"href":"https:\/\/www.wo-ho.at\/borg\/wp-json\/wp\/v2\/media?parent=13804"}],"curies":[{"name":"wp","href":"https:\/\/api.w.org\/{rel}","templated":true}]}}