{"id":13787,"date":"2021-02-02T12:46:15","date_gmt":"2021-02-02T11:46:15","guid":{"rendered":"https:\/\/www.wo-ho.at\/borg\/?page_id=13787"},"modified":"2021-02-02T13:18:25","modified_gmt":"2021-02-02T12:18:25","slug":"mediendesign","status":"publish","type":"page","link":"https:\/\/www.wo-ho.at\/borg\/mediendesign\/","title":{"rendered":"Mediendesign"},"content":{"rendered":"\t\t<div data-elementor-type=\"wp-page\" data-elementor-id=\"13787\" class=\"elementor elementor-13787\" data-elementor-settings=\"[]\">\n\t\t\t\t\t\t\t<div class=\"elementor-section-wrap\">\n\t\t\t\t\t\t\t<section class=\"elementor-section elementor-top-section elementor-element elementor-element-33832cc elementor-section-boxed elementor-section-height-default elementor-section-height-default\" data-id=\"33832cc\" data-element_type=\"section\">\n\t\t\t\t\t\t<div class=\"elementor-container elementor-column-gap-default\">\n\t\t\t\t\t<div class=\"elementor-column elementor-col-100 elementor-top-column elementor-element elementor-element-0c8e988\" data-id=\"0c8e988\" data-element_type=\"column\">\n\t\t\t<div class=\"elementor-widget-wrap elementor-element-populated\">\n\t\t\t\t\t\t\t\t<div class=\"elementor-element elementor-element-00efeb7 elementor-widget elementor-widget-ucaddon_post_blocks\" data-id=\"00efeb7\" data-element_type=\"widget\" data-widget_type=\"ucaddon_post_blocks.default\">\n\t\t\t\t<div class=\"elementor-widget-container\">\n\t\t\t<!-- start Post Blocks -->\n\t\t\t<style type=\"text\/css\">\/* widget: Post Blocks *\/\n\n#uc_post_blocks_elementor13027 {\n    display:grid;\n\tgrid-template-columns: repeat(4, 1fr);\n}\n#uc_post_blocks_elementor13027 .ue_post_blocks_box\n{\n  overflow:hidden;\n}\n\n#uc_post_blocks_elementor13027 .ue_post_blocks_image\n{\n  overflow:hidden;\n}\n#uc_post_blocks_elementor13027 .ue_post_blocks_image img\n{\n  object-fit: contain;\n  object-position:center center;\n  width:100%;\n  display:block;\n}\n#uc_post_blocks_elementor13027 .ue_post_blocks_link a\n{\n  display:inline-block;\n  text-decoration:none;\n  text-align:center;\n}\n\n #uc_post_blocks_elementor13027 .ue_post_blocks_box img\n{\n  transition:0.5s;\n}\n #uc_post_blocks_elementor13027 .ue_post_blocks_box:hover img\n{\n  transform:scale(1.1,1.1);\n}\n\n@media screen and (max-width: 800px) {\n  #uc_post_blocks_elementor13027 {\n  grid-template-columns: repeat(2, 1fr);\n  }\n}\n\n@media screen and (max-width: 420px) {\n   #uc_post_blocks_elementor13027 {\n  grid-template-columns: repeat(1, 1fr);\n   }\n}\n\n<\/style>\n\n\t\t\t<div id=\"uc_post_blocks_elementor13027\" class=\"ue_post_blocks\">\n    <div class=\"ue_post_blocks_box\" style=\"text-align:left;\">\n    <div class=\"ue_post_blocks_image\">\n    <a href=\"https:\/\/www.wo-ho.at\/borg\/2020\/07\/blender-bots\/\" style=\"display:block;\"><img decoding=\"async\" src=\"https:\/\/www.wo-ho.at\/borg\/wp-content\/uploads\/2021\/02\/thumb-2.jpg\"><\/a>\n  <\/div>\n    <div class=\"ue_post_blocks_content\">\n    <div class=\"ue_post_blocks_title\"><a href=\"https:\/\/www.wo-ho.at\/borg\/2020\/07\/blender-bots\/\">Blender Bots<\/a><\/div>        <div class=\"ue_post_blocks_text\">3D-Modeling und -Animation ist mittlerweile ein fester Bestandteil des Faches Mediendesign geworden....<\/div>      <\/div>\n<\/div>\n<div class=\"ue_post_blocks_box\" style=\"text-align:left;\">\n    <div class=\"ue_post_blocks_image\">\n    <a href=\"https:\/\/www.wo-ho.at\/borg\/2020\/04\/kunst-in-quarantaene\/\" style=\"display:block;\"><img decoding=\"async\" src=\"https:\/\/www.wo-ho.at\/borg\/wp-content\/uploads\/2021\/02\/thumb-49.jpg\"><\/a>\n  <\/div>\n    <div class=\"ue_post_blocks_content\">\n    <div class=\"ue_post_blocks_title\"><a href=\"https:\/\/www.wo-ho.at\/borg\/2020\/04\/kunst-in-quarantaene\/\">Kunst in Quarant\u00e4ne<\/a><\/div>        <div class=\"ue_post_blocks_text\">Das Ausgangsverbot zu Zeiten der Covid-19 Pandemie betraf wirklich alle. Selbst die Personen in bekannten...<\/div>      <\/div>\n<\/div>\n<div class=\"ue_post_blocks_box\" style=\"text-align:left;\">\n    <div class=\"ue_post_blocks_image\">\n    <a href=\"https:\/\/www.wo-ho.at\/borg\/2020\/03\/feeling-good\/\" style=\"display:block;\"><img decoding=\"async\" src=\"https:\/\/www.wo-ho.at\/borg\/wp-content\/uploads\/2021\/02\/thumb-15.jpg\"><\/a>\n  <\/div>\n    <div class=\"ue_post_blocks_content\">\n    <div class=\"ue_post_blocks_title\"><a href=\"https:\/\/www.wo-ho.at\/borg\/2020\/03\/feeling-good\/\">Feeling good<\/a><\/div>        <div class=\"ue_post_blocks_text\">Auf Anfrage unserer WPG-Gruppe Tanz filmten die Mediendesigner der 7C eine Choreographie zum Song \u201cFeeling...<\/div>      <\/div>\n<\/div>\n<div class=\"ue_post_blocks_box\" style=\"text-align:left;\">\n    <div class=\"ue_post_blocks_image\">\n    <a href=\"https:\/\/www.wo-ho.at\/borg\/2020\/02\/nomsters\/\" style=\"display:block;\"><img decoding=\"async\" src=\"https:\/\/www.wo-ho.at\/borg\/wp-content\/uploads\/2020\/02\/thumb.jpg\"><\/a>\n  <\/div>\n    <div class=\"ue_post_blocks_content\">\n    <div class=\"ue_post_blocks_title\"><a href=\"https:\/\/www.wo-ho.at\/borg\/2020\/02\/nomsters\/\">Nomsters<\/a><\/div>        <div class=\"ue_post_blocks_text\">Sammelkartenspiele erfreuen sich immer gr\u00f6\u00dferer Beliebtheit. Die M\u00f6glichkeit sich ein Deck von Karten...<\/div>      <\/div>\n<\/div>\n<div class=\"ue_post_blocks_box\" style=\"text-align:left;\">\n    <div class=\"ue_post_blocks_image\">\n    <a href=\"https:\/\/www.wo-ho.at\/borg\/2020\/02\/kunstgeschichtliche-montagen\/\" style=\"display:block;\"><img decoding=\"async\" src=\"https:\/\/www.wo-ho.at\/borg\/wp-content\/uploads\/2021\/02\/thumb-34.jpg\"><\/a>\n  <\/div>\n    <div class=\"ue_post_blocks_content\">\n    <div class=\"ue_post_blocks_title\"><a href=\"https:\/\/www.wo-ho.at\/borg\/2020\/02\/kunstgeschichtliche-montagen\/\">Kunstgeschichtliche Montagen<\/a><\/div>        <div class=\"ue_post_blocks_text\">Um ein optimales Ergebnis erzielen zu k\u00f6nnen wurden alle Protagonisten neu fotografiert wobei darauf...<\/div>      <\/div>\n<\/div>\n<div class=\"ue_post_blocks_box\" style=\"text-align:left;\">\n    <div class=\"ue_post_blocks_image\">\n    <a href=\"https:\/\/www.wo-ho.at\/borg\/2019\/07\/ms-langschlag\/\" style=\"display:block;\"><img decoding=\"async\" src=\"https:\/\/www.wo-ho.at\/borg\/wp-content\/uploads\/2021\/02\/thumb-19.jpg\"><\/a>\n  <\/div>\n    <div class=\"ue_post_blocks_content\">\n    <div class=\"ue_post_blocks_title\"><a href=\"https:\/\/www.wo-ho.at\/borg\/2019\/07\/ms-langschlag\/\">MS Langschlag<\/a><\/div>        <div class=\"ue_post_blocks_text\">Heuer freuten wir uns \u00fcber eine besondere Anfrage. Die Mittelschule Langschlag war auf der Suche nach...<\/div>      <\/div>\n<\/div>\n<div class=\"ue_post_blocks_box\" style=\"text-align:left;\">\n    <div class=\"ue_post_blocks_image\">\n    <a href=\"https:\/\/www.wo-ho.at\/borg\/2019\/06\/fontstruct\/\" style=\"display:block;\"><img decoding=\"async\" src=\"https:\/\/www.wo-ho.at\/borg\/wp-content\/uploads\/2019\/06\/thumb-2.jpg\"><\/a>\n  <\/div>\n    <div class=\"ue_post_blocks_content\">\n    <div class=\"ue_post_blocks_title\"><a href=\"https:\/\/www.wo-ho.at\/borg\/2019\/06\/fontstruct\/\">Fontstruct<\/a><\/div>        <div class=\"ue_post_blocks_text\">Mit dem Thema Schrift haben wir uns schon auf vielf\u00e4ltige Weise auseinander gesetzt, zuletzt auch im...<\/div>      <\/div>\n<\/div>\n<div class=\"ue_post_blocks_box\" style=\"text-align:left;\">\n    <div class=\"ue_post_blocks_image\">\n    <a href=\"https:\/\/www.wo-ho.at\/borg\/2019\/02\/schulfilm\/\" style=\"display:block;\"><img decoding=\"async\" src=\"https:\/\/www.wo-ho.at\/borg\/wp-content\/uploads\/2021\/01\/thumb-7.jpg\"><\/a>\n  <\/div>\n    <div class=\"ue_post_blocks_content\">\n    <div class=\"ue_post_blocks_title\"><a href=\"https:\/\/www.wo-ho.at\/borg\/2019\/02\/schulfilm\/\">Schulfilm<\/a><\/div>        <div class=\"ue_post_blocks_text\">Wir waren immer sehr zufrieden mit unserem Schulfilm. Er stellte die drei Zweige unserer Schule ausf\u00fchrlich...<\/div>      <\/div>\n<\/div>\n<div class=\"ue_post_blocks_box\" style=\"text-align:left;\">\n    <div class=\"ue_post_blocks_image\">\n    <a href=\"https:\/\/www.wo-ho.at\/borg\/2019\/02\/findelschrift\/\" style=\"display:block;\"><img decoding=\"async\" src=\"https:\/\/www.wo-ho.at\/borg\/wp-content\/uploads\/2021\/02\/thumb-12.jpg\"><\/a>\n  <\/div>\n    <div class=\"ue_post_blocks_content\">\n    <div class=\"ue_post_blocks_title\"><a href=\"https:\/\/www.wo-ho.at\/borg\/2019\/02\/findelschrift\/\">Findelschrift<\/a><\/div>        <div class=\"ue_post_blocks_text\">Unter der Betreuung von Jennifer Eder, einer Studentin des Lehramts Mediengestaltung an der Kunstuniverist\u00e4t...<\/div>      <\/div>\n<\/div>\n<div class=\"ue_post_blocks_box\" style=\"text-align:left;\">\n    <div class=\"ue_post_blocks_image\">\n    <a href=\"https:\/\/www.wo-ho.at\/borg\/2019\/01\/nonogramme\/\" style=\"display:block;\"><img decoding=\"async\" src=\"https:\/\/www.wo-ho.at\/borg\/wp-content\/uploads\/2021\/02\/thumb-48.jpg\"><\/a>\n  <\/div>\n    <div class=\"ue_post_blocks_content\">\n    <div class=\"ue_post_blocks_title\"><a href=\"https:\/\/www.wo-ho.at\/borg\/2019\/01\/nonogramme\/\">Nonogramme<\/a><\/div>        <div class=\"ue_post_blocks_text\">Wie weit kann man einen Gegenstand abstrahieren, sodass er noch erkennbar bleibt. Reicht daf\u00fcr bereits...<\/div>      <\/div>\n<\/div>\n<div class=\"ue_post_blocks_box\" style=\"text-align:left;\">\n    <div class=\"ue_post_blocks_image\">\n    <a href=\"https:\/\/www.wo-ho.at\/borg\/2019\/01\/teddybaer\/\" style=\"display:block;\"><img decoding=\"async\" src=\"https:\/\/www.wo-ho.at\/borg\/wp-content\/uploads\/2021\/02\/thumb-13.jpg\"><\/a>\n  <\/div>\n    <div class=\"ue_post_blocks_content\">\n    <div class=\"ue_post_blocks_title\"><a href=\"https:\/\/www.wo-ho.at\/borg\/2019\/01\/teddybaer\/\">Teddyb\u00e4r<\/a><\/div>        <div class=\"ue_post_blocks_text\">F\u00fcr die Auff\u00fchrung &quot;neuARTig&quot; studierte unsere Boygroup den Song &quot;Teddyb\u00e4r&quot; ein. Das Konzept sah vor,...<\/div>      <\/div>\n<\/div>\n<div class=\"ue_post_blocks_box\" style=\"text-align:left;\">\n    <div class=\"ue_post_blocks_image\">\n    <a href=\"https:\/\/www.wo-ho.at\/borg\/2018\/06\/shape-of-you\/\" style=\"display:block;\"><img decoding=\"async\" src=\"https:\/\/www.wo-ho.at\/borg\/wp-content\/uploads\/2021\/01\/thumb-4.jpg\"><\/a>\n  <\/div>\n    <div class=\"ue_post_blocks_content\">\n    <div class=\"ue_post_blocks_title\"><a href=\"https:\/\/www.wo-ho.at\/borg\/2018\/06\/shape-of-you\/\">Shape of you<\/a><\/div>        <div class=\"ue_post_blocks_text\">\u00dcber ein ganzes Schuljahr verteilt besch\u00e4ftigten sich unsere Sch\u00fclerinnen und Sch\u00fcler aus verschiedenen...<\/div>      <\/div>\n<\/div>\n\n<\/div>\n\t\t\t<!-- end Post Blocks --><div class='uc-posts-pagination'><span aria-current=\"page\" class=\"page-numbers current\">1<\/span>\n<a class=\"page-numbers\" href=\"https:\/\/www.wo-ho.at\/borg\/mediendesign\/2\/\">2<\/a>\n<a class=\"page-numbers\" href=\"https:\/\/www.wo-ho.at\/borg\/mediendesign\/3\/\">3<\/a>\n<a class=\"page-numbers\" href=\"https:\/\/www.wo-ho.at\/borg\/mediendesign\/4\/\">4<\/a><\/div>\t\t<\/div>\n\t\t\t\t<\/div>\n\t\t\t\t\t<\/div>\n\t\t<\/div>\n\t\t\t\t\t\t\t<\/div>\n\t\t<\/section>\n\t\t\t\t\t\t<\/div>\n\t\t\t\t\t<\/div>\n\t\t","protected":false},"excerpt":{"rendered":"<p>Blender Bots 3D-Modeling und -Animation ist mittlerweile ein fester Bestandteil des Faches Mediendesign geworden&#8230;. Feeling good Auf Anfrage unserer WPG-Gruppe Tanz filmten die Mediendesigner der 7C eine Choreographie zum Song \u201cFeeling&#8230; Schulfilm Wir waren immer sehr zufrieden mit unserem Schulfilm. Er stellte die drei Zweige unserer Schule ausf\u00fchrlich&#8230; Findelschrift Unter der Betreuung von Jennifer Eder, einer Studentin des Lehramts Mediengestaltung an der Kunstuniverist\u00e4t&#8230; Shape of you \u00dcber ein ganzes Schuljahr verteilt besch\u00e4ftigten sich unsere Sch\u00fclerinnen und Sch\u00fcler aus verschiedenen&#8230; My digital Me Moderne Animationsfilme setzen mittlerweile gr\u00f6\u00dftenteils auf 3D-Animationen. Doch wie viel Aufwand es&#8230; Der letzte Donut In den letzten Jahren sind einige bemerkenswerte Adventurespiele an unserer Schule entstanden. Mit Hilfe&#8230; Elvira &amp; Elisabeth In den letzten Jahren sind immer wieder tolle Projekte aus der Zusammenarbeit des Medien \/ Kunst Zweiges&#8230; Piktogramme Piktogramme sollen Vorg\u00e4nge m\u00f6glichst einfach darstellen um ihren Inhalt schnell erfassbar zu machen&#8230;. Screenrunner Sie sind \u00fcberall: Bildschirme! Wo man hinschaut blickt man heute irgendwo auf ein Display. Und hat man&#8230; Was machst du heute? Als Beitrag zur Landesausstellung \u201eAlte Spuren \u2013 Neue Wege\u201c wurde von den Sch\u00fclerinnen der 7C&nbsp;des Kunstzweiges&#8230; Manfred die Mumie Im Wahlpflichtgegenstand wagen wir uns immer wieder gerne an etwas aufw\u00e4ndigere, intensivere Projekte&#8230;. 1 2 3 4 5<\/p>\n","protected":false},"author":17,"featured_media":0,"parent":0,"menu_order":0,"comment_status":"closed","ping_status":"closed","template":"","meta":{"footnotes":""},"class_list":["post-13787","page","type-page","status-publish","hentry"],"_links":{"self":[{"href":"https:\/\/www.wo-ho.at\/borg\/wp-json\/wp\/v2\/pages\/13787","targetHints":{"allow":["GET"]}}],"collection":[{"href":"https:\/\/www.wo-ho.at\/borg\/wp-json\/wp\/v2\/pages"}],"about":[{"href":"https:\/\/www.wo-ho.at\/borg\/wp-json\/wp\/v2\/types\/page"}],"author":[{"embeddable":true,"href":"https:\/\/www.wo-ho.at\/borg\/wp-json\/wp\/v2\/users\/17"}],"replies":[{"embeddable":true,"href":"https:\/\/www.wo-ho.at\/borg\/wp-json\/wp\/v2\/comments?post=13787"}],"version-history":[{"count":11,"href":"https:\/\/www.wo-ho.at\/borg\/wp-json\/wp\/v2\/pages\/13787\/revisions"}],"predecessor-version":[{"id":13830,"href":"https:\/\/www.wo-ho.at\/borg\/wp-json\/wp\/v2\/pages\/13787\/revisions\/13830"}],"wp:attachment":[{"href":"https:\/\/www.wo-ho.at\/borg\/wp-json\/wp\/v2\/media?parent=13787"}],"curies":[{"name":"wp","href":"https:\/\/api.w.org\/{rel}","templated":true}]}}