{"id":13397,"date":"2021-02-01T06:33:01","date_gmt":"2021-02-01T05:33:01","guid":{"rendered":"https:\/\/www.wo-ho.at\/borg\/?page_id=13397"},"modified":"2021-02-01T06:34:38","modified_gmt":"2021-02-01T05:34:38","slug":"peers","status":"publish","type":"page","link":"https:\/\/www.wo-ho.at\/borg\/peers\/","title":{"rendered":"Peers"},"content":{"rendered":"\t\t<div data-elementor-type=\"wp-page\" data-elementor-id=\"13397\" class=\"elementor elementor-13397\" data-elementor-settings=\"[]\">\n\t\t\t\t\t\t\t<div class=\"elementor-section-wrap\">\n\t\t\t\t\t\t\t<section class=\"elementor-section elementor-top-section elementor-element elementor-element-6897d0f elementor-section-boxed elementor-section-height-default elementor-section-height-default\" data-id=\"6897d0f\" data-element_type=\"section\">\n\t\t\t\t\t\t<div class=\"elementor-container elementor-column-gap-default\">\n\t\t\t\t\t<div class=\"elementor-column elementor-col-50 elementor-top-column elementor-element elementor-element-b4a6535\" data-id=\"b4a6535\" data-element_type=\"column\">\n\t\t\t<div class=\"elementor-widget-wrap elementor-element-populated\">\n\t\t\t\t\t\t\t\t<div class=\"elementor-element elementor-element-fc2f0ad elementor-widget elementor-widget-text-editor\" data-id=\"fc2f0ad\" data-element_type=\"widget\" data-widget_type=\"text-editor.default\">\n\t\t\t\t<div class=\"elementor-widget-container\">\n\t\t\t\t\t<div class=\"elementor-text-editor elementor-clearfix\"><p><strong>Was sind Peers?<\/strong><\/p><p>Peers sind Jugendliche mit Vorbildfunktion f\u00fcr andere gleichaltrige Jugendliche. Unsere Sch\u00fclerInnen melden sind freiwillig und erhalten im Fachbereich \u201cSucht und Suchtvorbeugung\u201d eine fundierte Ausbildung.<\/p><p><strong>Was tun unsere Peers?<\/strong><\/p><p>Unsere Peers geben ihr erworbenes Wissen und ihre Erfahrungen im Rahmen von Workshops und Projekten weiter \u2013 oder bei Pausengespr\u00e4chen, denn unter Gleichaltrigen (engl. \u201cpeers\u201d) redet es sich leichter.<\/p><p>Sie sind auch die \u201cSchutzengerl\u201d an unserer Schule: Zu Beginn des Schuljahres werden unsere \u201cjungen neuen Mitsch\u00fclerInnen\u201d von den Peers willkommen gehei\u00dfen und an der Hand genommen. Mit Hilfe der Peers werden die 5. Klassen durch die turbulenten Tage des Schulanfanges gef\u00fchrt.<\/p><p>Ebenso stehen unsere Peers ihren Mitsch\u00fclerInnen mit Rat und Tat zur Seite und unterst\u00fctzen sie bei der Bew\u00e4ltigung des Schulalltags. Au\u00dferdem helfen unsere Peers aktiv bei der Gestaltung des Lebensbereichs Schule mit.<\/p><div><strong>Unsere Suchtpr\u00e4ventionspeers:<\/strong><strong>\u00a0<\/strong><\/div><ul><li>Sarah Muthenthaler (6B)<\/li><li>Violetta-Valerie Gallee (6B)<\/li><li>Marlene Kohout (6D)<\/li><li>Anika Sturm (7A)<\/li><li>Aurora Mazzuca (7A)<\/li><li>Sonja Nimmervoll (7C)<\/li><\/ul><\/div>\n\t\t\t\t<\/div>\n\t\t\t\t<\/div>\n\t\t\t\t\t<\/div>\n\t\t<\/div>\n\t\t\t\t<div class=\"elementor-column elementor-col-50 elementor-top-column elementor-element elementor-element-229ed1f\" data-id=\"229ed1f\" data-element_type=\"column\">\n\t\t\t<div class=\"elementor-widget-wrap elementor-element-populated\">\n\t\t\t\t\t\t\t\t<div class=\"elementor-element elementor-element-048939b elementor-widget elementor-widget-image\" data-id=\"048939b\" data-element_type=\"widget\" data-widget_type=\"image.default\">\n\t\t\t\t<div class=\"elementor-widget-container\">\n\t\t\t\t\t<div class=\"elementor-image\">\n\t\t\t\t\t\t\t\t\t\t<img loading=\"lazy\" decoding=\"async\" width=\"450\" height=\"253\" src=\"https:\/\/www.wo-ho.at\/borg\/wp-content\/uploads\/2021\/02\/Peers-Foto.jpg\" class=\"attachment-large size-large\" alt=\"\" srcset=\"https:\/\/www.wo-ho.at\/borg\/wp-content\/uploads\/2021\/02\/Peers-Foto.jpg 450w, https:\/\/www.wo-ho.at\/borg\/wp-content\/uploads\/2021\/02\/Peers-Foto-300x169.jpg 300w\" sizes=\"auto, (max-width: 450px) 100vw, 450px\" \/>\t\t\t\t\t\t\t\t\t\t\t<\/div>\n\t\t\t\t<\/div>\n\t\t\t\t<\/div>\n\t\t\t\t\t<\/div>\n\t\t<\/div>\n\t\t\t\t\t\t\t<\/div>\n\t\t<\/section>\n\t\t\t\t\t\t<\/div>\n\t\t\t\t\t<\/div>\n\t\t","protected":false},"excerpt":{"rendered":"<p>Was sind Peers? Peers sind Jugendliche mit Vorbildfunktion f\u00fcr andere gleichaltrige Jugendliche. Unsere Sch\u00fclerInnen melden sind freiwillig und erhalten im Fachbereich \u201cSucht und Suchtvorbeugung\u201d eine fundierte Ausbildung. Was tun unsere Peers? Unsere Peers geben ihr erworbenes Wissen und ihre Erfahrungen im Rahmen von Workshops und Projekten weiter \u2013 oder bei Pausengespr\u00e4chen, denn unter Gleichaltrigen (engl. \u201cpeers\u201d) redet es sich leichter. Sie sind auch die \u201cSchutzengerl\u201d an unserer Schule: Zu Beginn des Schuljahres werden unsere \u201cjungen neuen Mitsch\u00fclerInnen\u201d von den Peers willkommen gehei\u00dfen und an der Hand genommen. Mit Hilfe der Peers werden die 5. Klassen durch die turbulenten Tage des Schulanfanges gef\u00fchrt. Ebenso stehen unsere Peers ihren Mitsch\u00fclerInnen mit Rat und Tat zur Seite und unterst\u00fctzen sie bei der Bew\u00e4ltigung des Schulalltags. Au\u00dferdem helfen unsere Peers aktiv bei der Gestaltung des Lebensbereichs Schule mit. Unsere Suchtpr\u00e4ventionspeers:\u00a0 Sarah Muthenthaler (6B) Violetta-Valerie Gallee (6B) Marlene Kohout (6D) Anika Sturm (7A) Aurora Mazzuca (7A) Sonja Nimmervoll (7C)<\/p>\n","protected":false},"author":17,"featured_media":0,"parent":0,"menu_order":0,"comment_status":"closed","ping_status":"closed","template":"","meta":{"footnotes":""},"class_list":["post-13397","page","type-page","status-publish","hentry"],"_links":{"self":[{"href":"https:\/\/www.wo-ho.at\/borg\/wp-json\/wp\/v2\/pages\/13397","targetHints":{"allow":["GET"]}}],"collection":[{"href":"https:\/\/www.wo-ho.at\/borg\/wp-json\/wp\/v2\/pages"}],"about":[{"href":"https:\/\/www.wo-ho.at\/borg\/wp-json\/wp\/v2\/types\/page"}],"author":[{"embeddable":true,"href":"https:\/\/www.wo-ho.at\/borg\/wp-json\/wp\/v2\/users\/17"}],"replies":[{"embeddable":true,"href":"https:\/\/www.wo-ho.at\/borg\/wp-json\/wp\/v2\/comments?post=13397"}],"version-history":[{"count":4,"href":"https:\/\/www.wo-ho.at\/borg\/wp-json\/wp\/v2\/pages\/13397\/revisions"}],"predecessor-version":[{"id":13404,"href":"https:\/\/www.wo-ho.at\/borg\/wp-json\/wp\/v2\/pages\/13397\/revisions\/13404"}],"wp:attachment":[{"href":"https:\/\/www.wo-ho.at\/borg\/wp-json\/wp\/v2\/media?parent=13397"}],"curies":[{"name":"wp","href":"https:\/\/api.w.org\/{rel}","templated":true}]}}