{"id":13327,"date":"2021-01-31T21:36:08","date_gmt":"2021-01-31T20:36:08","guid":{"rendered":"https:\/\/www.wo-ho.at\/borg\/?page_id=13327"},"modified":"2021-01-31T21:37:05","modified_gmt":"2021-01-31T20:37:05","slug":"schueler-helfen-schuelern","status":"publish","type":"page","link":"https:\/\/www.wo-ho.at\/borg\/schueler-helfen-schuelern\/","title":{"rendered":"Sch\u00fcler helfen Sch\u00fclern"},"content":{"rendered":"\t\t<div data-elementor-type=\"wp-page\" data-elementor-id=\"13327\" class=\"elementor elementor-13327\" data-elementor-settings=\"[]\">\n\t\t\t\t\t\t\t<div class=\"elementor-section-wrap\">\n\t\t\t\t\t\t\t<section class=\"elementor-section elementor-top-section elementor-element elementor-element-f75b992 elementor-section-boxed elementor-section-height-default elementor-section-height-default\" data-id=\"f75b992\" data-element_type=\"section\">\n\t\t\t\t\t\t<div class=\"elementor-container elementor-column-gap-default\">\n\t\t\t\t\t<div class=\"elementor-column elementor-col-50 elementor-top-column elementor-element elementor-element-e4fecb8\" data-id=\"e4fecb8\" data-element_type=\"column\">\n\t\t\t<div class=\"elementor-widget-wrap elementor-element-populated\">\n\t\t\t\t\t\t\t\t<div class=\"elementor-element elementor-element-97a5d42 elementor-widget elementor-widget-text-editor\" data-id=\"97a5d42\" data-element_type=\"widget\" data-widget_type=\"text-editor.default\">\n\t\t\t\t<div class=\"elementor-widget-container\">\n\t\t\t\t\t<div class=\"elementor-text-editor elementor-clearfix\"><p>Wer kann besser Nachhilfe geben als der\/die eigene Schulkollege\/in? Diese Frage stellte sich auch die Landessch\u00fclervertretung O\u00d6 und entwickelte in diesem Zuge ein Nachhilfesystem, das auf dem \u201eSch\u00fcler helfen Sch\u00fcler-Prinzip\u201c basiert. Jeder Sch\u00fcler des BORG Bad Leonfelden kann sich bequem mit einem Zugangscode, der ihm von der Sch\u00fclervertretung zur Verf\u00fcgung gestellt wird, registrieren und je nach Bedarf Nachhilfe geben oder nehmen.<\/p><p><strong>Link:\u00a0<a href=\"http:\/\/nachhilfe.lsv-ooe.at\/\" target=\"_blank\" rel=\"noopener\">http:\/\/nachhilfe.lsv-ooe.at<\/a><\/strong><\/p><\/div>\n\t\t\t\t<\/div>\n\t\t\t\t<\/div>\n\t\t\t\t\t<\/div>\n\t\t<\/div>\n\t\t\t\t<div class=\"elementor-column elementor-col-50 elementor-top-column elementor-element elementor-element-62e2d2e\" data-id=\"62e2d2e\" data-element_type=\"column\">\n\t\t\t<div class=\"elementor-widget-wrap elementor-element-populated\">\n\t\t\t\t\t\t\t\t<div class=\"elementor-element elementor-element-9e0010d elementor-widget elementor-widget-image\" data-id=\"9e0010d\" data-element_type=\"widget\" data-widget_type=\"image.default\">\n\t\t\t\t<div class=\"elementor-widget-container\">\n\t\t\t\t\t<div class=\"elementor-image\">\n\t\t\t\t\t\t\t\t\t\t<img loading=\"lazy\" decoding=\"async\" width=\"918\" height=\"194\" src=\"https:\/\/www.wo-ho.at\/borg\/wp-content\/uploads\/2021\/01\/LSV-OOe.png\" class=\"attachment-large size-large\" alt=\"\" srcset=\"https:\/\/www.wo-ho.at\/borg\/wp-content\/uploads\/2021\/01\/LSV-OOe.png 918w, https:\/\/www.wo-ho.at\/borg\/wp-content\/uploads\/2021\/01\/LSV-OOe-300x63.png 300w, https:\/\/www.wo-ho.at\/borg\/wp-content\/uploads\/2021\/01\/LSV-OOe-768x162.png 768w\" sizes=\"auto, (max-width: 918px) 100vw, 918px\" \/>\t\t\t\t\t\t\t\t\t\t\t<\/div>\n\t\t\t\t<\/div>\n\t\t\t\t<\/div>\n\t\t\t\t\t<\/div>\n\t\t<\/div>\n\t\t\t\t\t\t\t<\/div>\n\t\t<\/section>\n\t\t\t\t<section class=\"elementor-section elementor-top-section elementor-element elementor-element-984f545 elementor-section-boxed elementor-section-height-default elementor-section-height-default\" data-id=\"984f545\" data-element_type=\"section\">\n\t\t\t\t\t\t<div class=\"elementor-container elementor-column-gap-default\">\n\t\t\t\t\t<div class=\"elementor-column elementor-col-100 elementor-top-column elementor-element elementor-element-ad1d2ca\" data-id=\"ad1d2ca\" data-element_type=\"column\">\n\t\t\t<div class=\"elementor-widget-wrap elementor-element-populated\">\n\t\t\t\t\t\t\t\t<div class=\"elementor-element elementor-element-cc263ff elementor-widget elementor-widget-text-editor\" data-id=\"cc263ff\" data-element_type=\"widget\" data-widget_type=\"text-editor.default\">\n\t\t\t\t<div class=\"elementor-widget-container\">\n\t\t\t\t\t<div class=\"elementor-text-editor elementor-clearfix\"><p><strong>Didaktisch-P\u00e4dagogisches Konzept<\/strong><\/p><ul><li>Verst\u00e4rkter Einsatz neuer Lehr- und Lernmethoden<ul><li>\u201eOffenes Lernen\u201c<\/li><li>\u201eMethodentraining\u201c jeweils als \u201eSCHILF\u201c durchgef\u00fchrt<\/li><li>\u201ePortfolio\u201c<\/li><li>Teamteaching und Gruppenarbeit verst\u00e4rken<\/li><li>zus\u00e4tzliches Material (Bibliothek) nutzen bzw. neues anschaffen<\/li><\/ul><\/li><li>Verst\u00e4rktes Angebot an F\u00f6rderstunden (heuer pro Klasse mind. 1 Kurs)<\/li><li>In den vergangenen Jahren auch Angebot von \u201eLernen lernen\u201c<\/li><li>Zusammenarbeit an der \u201eNahtstelle\u201c Hauptschule \u2013 Oberstufe AHS durch Abhaltung von Seminaren (Nov. 2005)<\/li><li>Kurzkurse (zu konkreten Defiziten) werden angeboten<ul class=\"text_aufzaehlung\"><li>Einsatz von Peers, Tutoren (St\u00e4rken hervorheben)<ul><li>Evaluation<\/li><\/ul><\/li><li>Fachtutoren in der Klasse<\/li><\/ul><\/li><li>Rahmenbedingungen verbessern (Ambiente) -&gt; Lernzonen\/Wohlf\u00fchlzonen einrichten<\/li><li>Diagnose der Zielsetzungen in den Arbeitsgemeinschaften<ul class=\"text_aufzaehlung\"><li>Verst\u00e4rkte Zusammenarbeit<\/li><li>Erstellung von Beurteilungskriterien<\/li><\/ul><\/li><li>Funktionierendes System Eltern \u2013 Sch\u00fcler\/innen \u2013 Lehrer\/innen<ul class=\"text_aufzaehlung\"><li>Kleine, \u00fcbersichtliche Schule<\/li><li>Elternabende<\/li><li>Fr\u00fchwarnsystem verst\u00e4rkt einsetzen \u2013 Einbindung der Eltern<\/li><\/ul><\/li><li>Eigenverantwortliche Fortbildung der Lehrer\/innen im Hinblick auf F\u00f6rderung<\/li><li>Begabungen erkennen -&gt;<ul><li>Talente f\u00f6rdern (Einsatz von ECHA-Lehrern); Talentef\u00f6rderkurs anbieten<\/li><li>Schulprojekt Musical (f\u00e4cher\u00fcbergreifend); F\u00f6rderung von individuellen Begabungen;<\/li><li>Weitere Projekte (Trickfilm, Theaterspiel, Lesekompetenz, Soziale Kompetenz, Zeitungsredakteure, Chor und Schulband)<\/li><\/ul><\/li><\/ul><\/div>\n\t\t\t\t<\/div>\n\t\t\t\t<\/div>\n\t\t\t\t\t<\/div>\n\t\t<\/div>\n\t\t\t\t\t\t\t<\/div>\n\t\t<\/section>\n\t\t\t\t\t\t<\/div>\n\t\t\t\t\t<\/div>\n\t\t","protected":false},"excerpt":{"rendered":"<p>Wer kann besser Nachhilfe geben als der\/die eigene Schulkollege\/in? Diese Frage stellte sich auch die Landessch\u00fclervertretung O\u00d6 und entwickelte in diesem Zuge ein Nachhilfesystem, das auf dem \u201eSch\u00fcler helfen Sch\u00fcler-Prinzip\u201c basiert. Jeder Sch\u00fcler des BORG Bad Leonfelden kann sich bequem mit einem Zugangscode, der ihm von der Sch\u00fclervertretung zur Verf\u00fcgung gestellt wird, registrieren und je nach Bedarf Nachhilfe geben oder nehmen. Link:\u00a0http:\/\/nachhilfe.lsv-ooe.at Didaktisch-P\u00e4dagogisches Konzept Verst\u00e4rkter Einsatz neuer Lehr- und Lernmethoden \u201eOffenes Lernen\u201c \u201eMethodentraining\u201c jeweils als \u201eSCHILF\u201c durchgef\u00fchrt \u201ePortfolio\u201c Teamteaching und Gruppenarbeit verst\u00e4rken zus\u00e4tzliches Material (Bibliothek) nutzen bzw. neues anschaffen Verst\u00e4rktes Angebot an F\u00f6rderstunden (heuer pro Klasse mind. 1 Kurs) In den vergangenen Jahren auch Angebot von \u201eLernen lernen\u201c Zusammenarbeit an der \u201eNahtstelle\u201c Hauptschule \u2013 Oberstufe AHS durch Abhaltung von Seminaren (Nov. 2005) Kurzkurse (zu konkreten Defiziten) werden angeboten Einsatz von Peers, Tutoren (St\u00e4rken hervorheben) Evaluation Fachtutoren in der Klasse Rahmenbedingungen verbessern (Ambiente) -&gt; Lernzonen\/Wohlf\u00fchlzonen einrichten Diagnose der Zielsetzungen in den Arbeitsgemeinschaften Verst\u00e4rkte Zusammenarbeit Erstellung von Beurteilungskriterien Funktionierendes System Eltern \u2013 Sch\u00fcler\/innen \u2013 Lehrer\/innen Kleine, \u00fcbersichtliche Schule Elternabende Fr\u00fchwarnsystem verst\u00e4rkt einsetzen \u2013 Einbindung der Eltern Eigenverantwortliche Fortbildung der Lehrer\/innen im Hinblick auf F\u00f6rderung Begabungen erkennen -&gt; Talente f\u00f6rdern (Einsatz von ECHA-Lehrern); Talentef\u00f6rderkurs anbieten Schulprojekt Musical (f\u00e4cher\u00fcbergreifend); F\u00f6rderung von individuellen Begabungen; Weitere Projekte (Trickfilm, Theaterspiel, Lesekompetenz, Soziale Kompetenz, Zeitungsredakteure, Chor und Schulband)<\/p>\n","protected":false},"author":17,"featured_media":0,"parent":0,"menu_order":0,"comment_status":"closed","ping_status":"closed","template":"","meta":{"footnotes":""},"class_list":["post-13327","page","type-page","status-publish","hentry"],"_links":{"self":[{"href":"https:\/\/www.wo-ho.at\/borg\/wp-json\/wp\/v2\/pages\/13327","targetHints":{"allow":["GET"]}}],"collection":[{"href":"https:\/\/www.wo-ho.at\/borg\/wp-json\/wp\/v2\/pages"}],"about":[{"href":"https:\/\/www.wo-ho.at\/borg\/wp-json\/wp\/v2\/types\/page"}],"author":[{"embeddable":true,"href":"https:\/\/www.wo-ho.at\/borg\/wp-json\/wp\/v2\/users\/17"}],"replies":[{"embeddable":true,"href":"https:\/\/www.wo-ho.at\/borg\/wp-json\/wp\/v2\/comments?post=13327"}],"version-history":[{"count":4,"href":"https:\/\/www.wo-ho.at\/borg\/wp-json\/wp\/v2\/pages\/13327\/revisions"}],"predecessor-version":[{"id":13332,"href":"https:\/\/www.wo-ho.at\/borg\/wp-json\/wp\/v2\/pages\/13327\/revisions\/13332"}],"wp:attachment":[{"href":"https:\/\/www.wo-ho.at\/borg\/wp-json\/wp\/v2\/media?parent=13327"}],"curies":[{"name":"wp","href":"https:\/\/api.w.org\/{rel}","templated":true}]}}