{"id":13245,"date":"2021-01-31T08:51:34","date_gmt":"2021-01-31T07:51:34","guid":{"rendered":"https:\/\/www.wo-ho.at\/borg\/?page_id=13245"},"modified":"2021-02-06T06:57:06","modified_gmt":"2021-02-06T05:57:06","slug":"virtual-borg","status":"publish","type":"page","link":"https:\/\/www.wo-ho.at\/borg\/virtual-borg\/","title":{"rendered":"Virtual BORG"},"content":{"rendered":"\t\t<div data-elementor-type=\"wp-page\" data-elementor-id=\"13245\" class=\"elementor elementor-13245\" data-elementor-settings=\"[]\">\n\t\t\t\t\t\t\t<div class=\"elementor-section-wrap\">\n\t\t\t\t\t\t\t<section class=\"elementor-section elementor-top-section elementor-element elementor-element-e75b033 elementor-section-boxed elementor-section-height-default elementor-section-height-default\" data-id=\"e75b033\" data-element_type=\"section\">\n\t\t\t\t\t\t<div class=\"elementor-container elementor-column-gap-default\">\n\t\t\t\t\t<div class=\"elementor-column elementor-col-100 elementor-top-column elementor-element elementor-element-ed8bbe4\" data-id=\"ed8bbe4\" data-element_type=\"column\">\n\t\t\t<div class=\"elementor-widget-wrap elementor-element-populated\">\n\t\t\t\t\t\t\t\t<div class=\"elementor-element elementor-element-03eaba1 elementor-widget elementor-widget-html\" data-id=\"03eaba1\" data-element_type=\"widget\" data-widget_type=\"html.default\">\n\t\t\t\t<div class=\"elementor-widget-container\">\n\t\t\t<iframe src=\"https:\/\/www.wo-ho.at\/borg\/virtual\/index.html\" height=\"700\"><\/iframe>\t\t<\/div>\n\t\t\t\t<\/div>\n\t\t\t\t\t<\/div>\n\t\t<\/div>\n\t\t\t\t\t\t\t<\/div>\n\t\t<\/section>\n\t\t\t\t<section class=\"elementor-section elementor-top-section elementor-element elementor-element-21240cd elementor-section-boxed elementor-section-height-default elementor-section-height-default\" data-id=\"21240cd\" data-element_type=\"section\">\n\t\t\t\t\t\t<div class=\"elementor-container elementor-column-gap-default\">\n\t\t\t\t\t<div class=\"elementor-column elementor-col-50 elementor-top-column elementor-element elementor-element-dba754a\" data-id=\"dba754a\" data-element_type=\"column\">\n\t\t\t<div class=\"elementor-widget-wrap elementor-element-populated\">\n\t\t\t\t\t\t\t\t<div class=\"elementor-element elementor-element-d0b5297 elementor-widget elementor-widget-text-editor\" data-id=\"d0b5297\" data-element_type=\"widget\" data-widget_type=\"text-editor.default\">\n\t\t\t\t<div class=\"elementor-widget-container\">\n\t\t\t\t\t<div class=\"elementor-text-editor elementor-clearfix\"><p>Herzlich willkommen im\u00a0<strong>virtuellen BORG Bad Leonfelden<\/strong>. In diesem 3D-Modell haben Sie die M\u00f6glichkeit unser Schulgeb\u00e4ude auf eigene Faust zu erkunden. Das Projekt befindet sich laufend in Entwicklung und wird von unseren Teams aus Informatik und Mediendesign stetig verbessert und erweitert. Kommen Sie also gerne \u00f6fter vorbei und entdecken Sie, was es Neues gibt!<\/p><p>In der aktuellen Version steht Ihnen neben der simplen und der fortgeschrittenen Steuerungsmethode auch eine Testversion der\u00a0<strong>Touchsteuerung<\/strong>\u00a0zur Verf\u00fcgung. Diese eignet sich vor allem, wenn sie uns \u00fcber ein Tablet oder Smartphone besuchen. Optimiert ist das Programm allerdings f\u00fcr die Nutzung an einem PC und die Steuerung mit Tastatur und Maus.<\/p><p>Wir Empfehlen die Nutzung von\u00a0<strong>Google Chrome<\/strong>,\u00a0<strong>Microsoft Edge<\/strong>\u00a0oder\u00a0<strong>Mozilla Firefox<\/strong>. Im Browser Safari werden einige Multimediainhalte derzeit nicht unterst\u00fctzt.<\/p><\/div>\n\t\t\t\t<\/div>\n\t\t\t\t<\/div>\n\t\t\t\t\t<\/div>\n\t\t<\/div>\n\t\t\t\t<div class=\"elementor-column elementor-col-50 elementor-top-column elementor-element elementor-element-b17db89\" data-id=\"b17db89\" data-element_type=\"column\">\n\t\t\t<div class=\"elementor-widget-wrap elementor-element-populated\">\n\t\t\t\t\t\t\t\t<div class=\"elementor-element elementor-element-cc98255 elementor-widget elementor-widget-image\" data-id=\"cc98255\" data-element_type=\"widget\" data-widget_type=\"image.default\">\n\t\t\t\t<div class=\"elementor-widget-container\">\n\t\t\t\t\t<div class=\"elementor-image\">\n\t\t\t\t\t\t\t\t\t\t\t<a href=\"https:\/\/www.wo-ho.at\/borg\/wp-content\/uploads\/2021\/01\/schule.jpg\" data-elementor-open-lightbox=\"yes\" data-elementor-lightbox-title=\"schule\">\n\t\t\t\t\t\t\t<img loading=\"lazy\" decoding=\"async\" width=\"960\" height=\"542\" src=\"https:\/\/www.wo-ho.at\/borg\/wp-content\/uploads\/2021\/01\/schule.jpg\" class=\"attachment-large size-large\" alt=\"\" srcset=\"https:\/\/www.wo-ho.at\/borg\/wp-content\/uploads\/2021\/01\/schule.jpg 1000w, https:\/\/www.wo-ho.at\/borg\/wp-content\/uploads\/2021\/01\/schule-300x170.jpg 300w, https:\/\/www.wo-ho.at\/borg\/wp-content\/uploads\/2021\/01\/schule-768x434.jpg 768w\" sizes=\"auto, (max-width: 960px) 100vw, 960px\" \/>\t\t\t\t\t\t\t\t<\/a>\n\t\t\t\t\t\t\t\t\t\t\t<\/div>\n\t\t\t\t<\/div>\n\t\t\t\t<\/div>\n\t\t\t\t\t<\/div>\n\t\t<\/div>\n\t\t\t\t\t\t\t<\/div>\n\t\t<\/section>\n\t\t\t\t\t\t<\/div>\n\t\t\t\t\t<\/div>\n\t\t","protected":false},"excerpt":{"rendered":"<p>Herzlich willkommen im\u00a0virtuellen BORG Bad Leonfelden. In diesem 3D-Modell haben Sie die M\u00f6glichkeit unser Schulgeb\u00e4ude auf eigene Faust zu erkunden. Das Projekt befindet sich laufend in Entwicklung und wird von unseren Teams aus Informatik und Mediendesign stetig verbessert und erweitert. Kommen Sie also gerne \u00f6fter vorbei und entdecken Sie, was es Neues gibt! In der aktuellen Version steht Ihnen neben der simplen und der fortgeschrittenen Steuerungsmethode auch eine Testversion der\u00a0Touchsteuerung\u00a0zur Verf\u00fcgung. Diese eignet sich vor allem, wenn sie uns \u00fcber ein Tablet oder Smartphone besuchen. Optimiert ist das Programm allerdings f\u00fcr die Nutzung an einem PC und die Steuerung mit Tastatur und Maus. Wir Empfehlen die Nutzung von\u00a0Google Chrome,\u00a0Microsoft Edge\u00a0oder\u00a0Mozilla Firefox. Im Browser Safari werden einige Multimediainhalte derzeit nicht unterst\u00fctzt.<\/p>\n","protected":false},"author":17,"featured_media":0,"parent":0,"menu_order":0,"comment_status":"closed","ping_status":"closed","template":"","meta":{"footnotes":""},"class_list":["post-13245","page","type-page","status-publish","hentry"],"_links":{"self":[{"href":"https:\/\/www.wo-ho.at\/borg\/wp-json\/wp\/v2\/pages\/13245","targetHints":{"allow":["GET"]}}],"collection":[{"href":"https:\/\/www.wo-ho.at\/borg\/wp-json\/wp\/v2\/pages"}],"about":[{"href":"https:\/\/www.wo-ho.at\/borg\/wp-json\/wp\/v2\/types\/page"}],"author":[{"embeddable":true,"href":"https:\/\/www.wo-ho.at\/borg\/wp-json\/wp\/v2\/users\/17"}],"replies":[{"embeddable":true,"href":"https:\/\/www.wo-ho.at\/borg\/wp-json\/wp\/v2\/comments?post=13245"}],"version-history":[{"count":13,"href":"https:\/\/www.wo-ho.at\/borg\/wp-json\/wp\/v2\/pages\/13245\/revisions"}],"predecessor-version":[{"id":14617,"href":"https:\/\/www.wo-ho.at\/borg\/wp-json\/wp\/v2\/pages\/13245\/revisions\/14617"}],"wp:attachment":[{"href":"https:\/\/www.wo-ho.at\/borg\/wp-json\/wp\/v2\/media?parent=13245"}],"curies":[{"name":"wp","href":"https:\/\/api.w.org\/{rel}","templated":true}]}}