{"id":13150,"date":"2021-01-30T17:32:26","date_gmt":"2021-01-30T16:32:26","guid":{"rendered":"https:\/\/www.wo-ho.at\/borg\/?page_id=13150"},"modified":"2021-01-30T18:05:29","modified_gmt":"2021-01-30T17:05:29","slug":"aufnahme","status":"publish","type":"page","link":"https:\/\/www.wo-ho.at\/borg\/aufnahme\/","title":{"rendered":"Aufnahme"},"content":{"rendered":"\t\t<div data-elementor-type=\"wp-page\" data-elementor-id=\"13150\" class=\"elementor elementor-13150\" data-elementor-settings=\"[]\">\n\t\t\t\t\t\t\t<div class=\"elementor-section-wrap\">\n\t\t\t\t\t\t\t<section class=\"elementor-section elementor-top-section elementor-element elementor-element-bf6545b elementor-section-boxed elementor-section-height-default elementor-section-height-default\" data-id=\"bf6545b\" data-element_type=\"section\">\n\t\t\t\t\t\t<div class=\"elementor-container elementor-column-gap-default\">\n\t\t\t\t\t<div class=\"elementor-column elementor-col-50 elementor-top-column elementor-element elementor-element-33848a5\" data-id=\"33848a5\" data-element_type=\"column\">\n\t\t\t<div class=\"elementor-widget-wrap elementor-element-populated\">\n\t\t\t\t\t\t\t\t<div class=\"elementor-element elementor-element-779266f elementor-view-default elementor-widget elementor-widget-icon\" data-id=\"779266f\" data-element_type=\"widget\" data-widget_type=\"icon.default\">\n\t\t\t\t<div class=\"elementor-widget-container\">\n\t\t\t\t\t<div class=\"elementor-icon-wrapper\">\n\t\t\t<div class=\"elementor-icon\">\n\t\t\t<i aria-hidden=\"true\" class=\"fas fa-exclamation-circle\"><\/i>\t\t\t<\/div>\n\t\t<\/div>\n\t\t\t\t<\/div>\n\t\t\t\t<\/div>\n\t\t\t\t\t<\/div>\n\t\t<\/div>\n\t\t\t\t<div class=\"elementor-column elementor-col-50 elementor-top-column elementor-element elementor-element-578552a\" data-id=\"578552a\" data-element_type=\"column\">\n\t\t\t<div class=\"elementor-widget-wrap elementor-element-populated\">\n\t\t\t\t\t\t\t\t<div class=\"elementor-element elementor-element-a301d3b elementor-widget elementor-widget-text-editor\" data-id=\"a301d3b\" data-element_type=\"widget\" data-widget_type=\"text-editor.default\">\n\t\t\t\t<div class=\"elementor-widget-container\">\n\t\t\t\t\t<div class=\"elementor-text-editor elementor-clearfix\"><p><em><strong>Ein Termin f\u00fcr einen \u201cTag der offenen T\u00fcr\u201d kann zurzeit nicht fixiert werden. Bitte beachten Sie kurzfristige Ank\u00fcndigungen auf unserer Homepage und in den Medien.\u00a0<br \/><\/strong><\/em><em>Gerne begr\u00fc\u00dfen wir die Sch\u00fclerInnen zu einem\u00a0<strong>Schnuppertag<\/strong>.\u00a0<\/em><em>Bitte melden Sie sich telefonisch im Sekretariat.<\/em><\/p><\/div>\n\t\t\t\t<\/div>\n\t\t\t\t<\/div>\n\t\t\t\t\t<\/div>\n\t\t<\/div>\n\t\t\t\t\t\t\t<\/div>\n\t\t<\/section>\n\t\t\t\t<section class=\"elementor-section elementor-top-section elementor-element elementor-element-335e23f elementor-section-boxed elementor-section-height-default elementor-section-height-default\" data-id=\"335e23f\" data-element_type=\"section\">\n\t\t\t\t\t\t<div class=\"elementor-container elementor-column-gap-default\">\n\t\t\t\t\t<div class=\"elementor-column elementor-col-100 elementor-top-column elementor-element elementor-element-c593165\" data-id=\"c593165\" data-element_type=\"column\">\n\t\t\t<div class=\"elementor-widget-wrap elementor-element-populated\">\n\t\t\t\t\t\t\t\t<div class=\"elementor-element elementor-element-a73680a elementor-widget elementor-widget-text-editor\" data-id=\"a73680a\" data-element_type=\"widget\" data-widget_type=\"text-editor.default\">\n\t\t\t\t<div class=\"elementor-widget-container\">\n\t\t\t\t\t<div class=\"elementor-text-editor elementor-clearfix\"><p>An unserer Lehranstalt werden folgende Ausbildungszweige gef\u00fchrt:<\/p><ul><li>Oberstufenrealgymnasium mit Schwerpunkt: Kunst und Mediendesign<\/li><li>Oberstufenrealgymnasium mit Schwerpunkt: Musik und Instrumentalunterricht<\/li><li>Oberstufenrealgymnasium mit Schwerpunkt: MEnsch \u2013 NAtur \u2013 TEChnik MENATEC (naturwissenschaftlich)<\/li><\/ul><p><strong>Verbindliche Anmeldungen<\/strong>\u00a0sind in den\u00a0<strong>Semesterferien<\/strong>\u00a0am Montag, 15.2.2021\u00a0<strong>und<\/strong>\u00a0am Freitag, 19.2.2021\u00a0<strong>sowie<\/strong>\u00a0von Montag, 22.2.2021 bis Freitag, 5.3.2021 m\u00f6glich;<br \/>Sekretariat: 7.30 bis 11.30 Uhr (Formulare auch im Internet unter:\u00a0<a href=\"https:\/\/www.borgleon.at\/\">www.borgleon.at<\/a>).<br \/>Eine pers\u00f6nliche Anmeldung unter Vorlage des Original-Semesterzeugnisses ist unbedingt erforderlich!<br \/><strong>Die Anmeldung ist verbindlich! \u00c4nderungen k\u00f6nnen nur \u00fcber die Bildungsdirektion O\u00d6 erfolgen!<\/strong><\/p><\/div>\n\t\t\t\t<\/div>\n\t\t\t\t<\/div>\n\t\t\t\t\t<\/div>\n\t\t<\/div>\n\t\t\t\t\t\t\t<\/div>\n\t\t<\/section>\n\t\t\t\t<section class=\"elementor-section elementor-top-section elementor-element elementor-element-6d1a7a0 elementor-section-boxed elementor-section-height-default elementor-section-height-default\" data-id=\"6d1a7a0\" data-element_type=\"section\">\n\t\t\t\t\t\t<div class=\"elementor-container elementor-column-gap-default\">\n\t\t\t\t\t<div class=\"elementor-column elementor-col-50 elementor-top-column elementor-element elementor-element-5d813f8\" data-id=\"5d813f8\" data-element_type=\"column\">\n\t\t\t<div class=\"elementor-widget-wrap elementor-element-populated\">\n\t\t\t\t\t\t\t\t<div class=\"elementor-element elementor-element-ea2eb1b elementor-widget elementor-widget-text-editor\" data-id=\"ea2eb1b\" data-element_type=\"widget\" data-widget_type=\"text-editor.default\">\n\t\t\t\t<div class=\"elementor-widget-container\">\n\t\t\t\t\t<div class=\"elementor-text-editor elementor-clearfix\"><h3><strong>Zur Anmeldung bitte mitbringen:<\/strong><\/h3><ul><li>Schulnachricht\u00a0<strong>im Original<\/strong>\u00a0(1. Semester) \u2013 sowie eine Kopie<\/li><li>Geburtsurkunde in Kopie<\/li><li>\u20ac 1,50 \u2013 (Postgeb\u00fchr f\u00fcr Zusendungen der vorl\u00e4ufigen und verbindlichen Aufnahme)<\/li><\/ul><\/div>\n\t\t\t\t<\/div>\n\t\t\t\t<\/div>\n\t\t\t\t\t<\/div>\n\t\t<\/div>\n\t\t\t\t<div class=\"elementor-column elementor-col-50 elementor-top-column elementor-element elementor-element-5bbfc90\" data-id=\"5bbfc90\" data-element_type=\"column\">\n\t\t\t<div class=\"elementor-widget-wrap elementor-element-populated\">\n\t\t\t\t\t\t\t\t<div class=\"elementor-element elementor-element-f0a4b93 elementor-align-center elementor-widget elementor-widget-download-button\" data-id=\"f0a4b93\" data-element_type=\"widget\" data-widget_type=\"download-button.default\">\n\t\t\t\t<div class=\"elementor-widget-container\">\n\t\t\t\t\t<div class=\"elementor-button-wrapper\">\n\t\t\t<a href=\"https:\/\/www.wo-ho.at\/borg\/wp-content\/uploads\/2021\/01\/Anmeldeformular2021-2022.pdf\" class=\"elementor-button-link elementor-button elementor-size-sm\" download=\"\" role=\"button\">\n\t\t\t\t\t\t<span class=\"elementor-button-content-wrapper\">\n\t\t\t\t\t\t<span class=\"elementor-button-icon elementor-align-icon-left\">\n\t\t\t\t<i aria-hidden=\"true\" class=\"fas fa-file-pdf\"><\/i>\t\t\t<\/span>\n\t\t\t\t\t\t<span class=\"elementor-button-text\">Anmeldeformular 2021\/22<\/span>\n\t\t<\/span>\n\t\t\t\t\t<\/a>\n\t\t<\/div>\n\t\t\t\t<\/div>\n\t\t\t\t<\/div>\n\t\t\t\t<div class=\"elementor-element elementor-element-731db71 elementor-align-center elementor-widget elementor-widget-download-button\" data-id=\"731db71\" data-element_type=\"widget\" data-widget_type=\"download-button.default\">\n\t\t\t\t<div class=\"elementor-widget-container\">\n\t\t\t\t\t<div class=\"elementor-button-wrapper\">\n\t\t\t<a href=\"https:\/\/www.wo-ho.at\/borg\/wp-content\/uploads\/2021\/01\/Merkblatt-zur-Anmeldung-2021-22.pdf\" class=\"elementor-button-link elementor-button elementor-size-sm\" download=\"\" role=\"button\">\n\t\t\t\t\t\t<span class=\"elementor-button-content-wrapper\">\n\t\t\t\t\t\t<span class=\"elementor-button-icon elementor-align-icon-left\">\n\t\t\t\t<i aria-hidden=\"true\" class=\"fas fa-file-pdf\"><\/i>\t\t\t<\/span>\n\t\t\t\t\t\t<span class=\"elementor-button-text\">Merkblatt zur Anmeldung 2021\/22<\/span>\n\t\t<\/span>\n\t\t\t\t\t<\/a>\n\t\t<\/div>\n\t\t\t\t<\/div>\n\t\t\t\t<\/div>\n\t\t\t\t\t<\/div>\n\t\t<\/div>\n\t\t\t\t\t\t\t<\/div>\n\t\t<\/section>\n\t\t\t\t<section class=\"elementor-section elementor-top-section elementor-element elementor-element-bfc0690 elementor-section-boxed elementor-section-height-default elementor-section-height-default\" data-id=\"bfc0690\" data-element_type=\"section\">\n\t\t\t\t\t\t<div class=\"elementor-container elementor-column-gap-default\">\n\t\t\t\t\t<div class=\"elementor-column elementor-col-100 elementor-top-column elementor-element elementor-element-ef793ae\" data-id=\"ef793ae\" data-element_type=\"column\">\n\t\t\t<div class=\"elementor-widget-wrap elementor-element-populated\">\n\t\t\t\t\t\t\t\t<div class=\"elementor-element elementor-element-353dfcc elementor-widget elementor-widget-text-editor\" data-id=\"353dfcc\" data-element_type=\"widget\" data-widget_type=\"text-editor.default\">\n\t\t\t\t<div class=\"elementor-widget-container\">\n\t\t\t\t\t<div class=\"elementor-text-editor elementor-clearfix\"><h3><strong>Aufnahmeverfahren:<\/strong><\/h3><p>Die\u00a0<strong>vorl\u00e4ufige Aufnahme<\/strong>\u00a0erfolgt auf Grund der Semesternoten. Sie erhalten bis sp\u00e4testens 19.3.2021 eine Verst\u00e4ndigung. Die\u00a0<strong>endg\u00fcltige Aufnahme<\/strong>\u00a0kann erst im\u00a0<strong>Juli 2021<\/strong>\u00a0ausgesprochen werden \u2013 wenn alle Aufnahmevoraussetzungen gegeben sind!<\/p><ul><li><strong>\u00dcbertritt aus der Mittelschule:<\/strong>\u00a0Beurteilung in den leistungsdifferenzierten Pflichtgegenst\u00e4nden in \u201eStandard AHS\u201c positiv, Beurteilung in \u201eStandard\u201c nicht schlechter als \u201eGut\u201c bzw. Beschluss der Klassenkonferenz. Bei Nichterf\u00fcllung muss eine Aufnahmepr\u00fcfung in jenem Gegenstand abgelegt werden, in dem die Voraussetzungen nicht erf\u00fcllt werden.<\/li><li><strong>\u00dcbertritt aus der AHS-Unterstufe:<\/strong>\u00a0Erfolgreicher Abschluss der 4. Klasse.<\/li><\/ul><h3>\u00a0<\/h3><h3><strong>Achtung \u2013 wichtig!<\/strong><\/h3><p>F\u00fcr die endg\u00fcltige Aufnahme bzw. Anmeldung zur Aufnahmepr\u00fcfung ist es\u00a0<strong>unbedingt erforderlich<\/strong>, eine\u00a0<strong>Schulerfolgsbest\u00e4tigung<\/strong>\u00a0bzw. ein vorl\u00e4ufiges Jahreszeugnis bis sp\u00e4testens\u00a0<strong>Freitag, 2. Juli 2021<\/strong>\u00a0an das BORG zu \u00fcbermitteln (auch per Mail oder per Fax).<\/p><p>Bitte teilen Sie dem Klassenvorstand Ihres Kindes rechtzeitig mit, dass Sie eine Schulerfolgsbest\u00e4tigung brauchen \u2013 dieser stellt sie dann gleich nach der Jahresschlusskonferenz aus.<br \/>Eventuell erforderliche Aufnahmepr\u00fcfungen finden am Dienstag, 6. Juli 2021 und am Mittwoch, 7. Juli 2021 statt.<br \/>Bitte beachten Sie, dass eine Verst\u00e4ndigung zur Aufnahmepr\u00fcfung nicht erfolgen kann!<br \/><strong>Im Juli erhalten Sie eine schriftliche Verst\u00e4ndigung bez\u00fcglich der verbindlichen Aufnahme Ihres Kindes in das BORG Bad Leonfelden \u2013 mit allen wichtigen Informationen f\u00fcr den Schulbeginn 2021\/22!<\/strong><\/p><p>DI Mag. Josef Enzenhofer, Direktor<\/p><\/div>\n\t\t\t\t<\/div>\n\t\t\t\t<\/div>\n\t\t\t\t\t<\/div>\n\t\t<\/div>\n\t\t\t\t\t\t\t<\/div>\n\t\t<\/section>\n\t\t\t\t\t\t<\/div>\n\t\t\t\t\t<\/div>\n\t\t","protected":false},"excerpt":{"rendered":"<p>Ein Termin f\u00fcr einen \u201cTag der offenen T\u00fcr\u201d kann zurzeit nicht fixiert werden. Bitte beachten Sie kurzfristige Ank\u00fcndigungen auf unserer Homepage und in den Medien.\u00a0Gerne begr\u00fc\u00dfen wir die Sch\u00fclerInnen zu einem\u00a0Schnuppertag.\u00a0Bitte melden Sie sich telefonisch im Sekretariat. An unserer Lehranstalt werden folgende Ausbildungszweige gef\u00fchrt: Oberstufenrealgymnasium mit Schwerpunkt: Kunst und Mediendesign Oberstufenrealgymnasium mit Schwerpunkt: Musik und Instrumentalunterricht Oberstufenrealgymnasium mit Schwerpunkt: MEnsch \u2013 NAtur \u2013 TEChnik MENATEC (naturwissenschaftlich) Verbindliche Anmeldungen\u00a0sind in den\u00a0Semesterferien\u00a0am Montag, 15.2.2021\u00a0und\u00a0am Freitag, 19.2.2021\u00a0sowie\u00a0von Montag, 22.2.2021 bis Freitag, 5.3.2021 m\u00f6glich;Sekretariat: 7.30 bis 11.30 Uhr (Formulare auch im Internet unter:\u00a0www.borgleon.at).Eine pers\u00f6nliche Anmeldung unter Vorlage des Original-Semesterzeugnisses ist unbedingt erforderlich!Die Anmeldung ist verbindlich! \u00c4nderungen k\u00f6nnen nur \u00fcber die Bildungsdirektion O\u00d6 erfolgen! Zur Anmeldung bitte mitbringen: Schulnachricht\u00a0im Original\u00a0(1. Semester) \u2013 sowie eine Kopie Geburtsurkunde in Kopie \u20ac 1,50 \u2013 (Postgeb\u00fchr f\u00fcr Zusendungen der vorl\u00e4ufigen und verbindlichen Aufnahme) Anmeldeformular 2021\/22 Merkblatt zur Anmeldung 2021\/22 Aufnahmeverfahren: Die\u00a0vorl\u00e4ufige Aufnahme\u00a0erfolgt auf Grund der Semesternoten. Sie erhalten bis sp\u00e4testens 19.3.2021 eine Verst\u00e4ndigung. Die\u00a0endg\u00fcltige Aufnahme\u00a0kann erst im\u00a0Juli 2021\u00a0ausgesprochen werden \u2013 wenn alle Aufnahmevoraussetzungen gegeben sind! \u00dcbertritt aus der Mittelschule:\u00a0Beurteilung in den leistungsdifferenzierten Pflichtgegenst\u00e4nden in \u201eStandard AHS\u201c positiv, Beurteilung in \u201eStandard\u201c nicht schlechter als \u201eGut\u201c bzw. Beschluss der Klassenkonferenz. Bei Nichterf\u00fcllung muss eine Aufnahmepr\u00fcfung in jenem Gegenstand abgelegt werden, in dem die Voraussetzungen nicht erf\u00fcllt werden. \u00dcbertritt aus der AHS-Unterstufe:\u00a0Erfolgreicher Abschluss der 4. Klasse. \u00a0 Achtung \u2013 wichtig! F\u00fcr die endg\u00fcltige Aufnahme bzw. Anmeldung zur Aufnahmepr\u00fcfung ist es\u00a0unbedingt erforderlich, eine\u00a0Schulerfolgsbest\u00e4tigung\u00a0bzw. ein vorl\u00e4ufiges Jahreszeugnis bis sp\u00e4testens\u00a0Freitag, 2. Juli 2021\u00a0an das BORG zu \u00fcbermitteln (auch per Mail oder per Fax). Bitte teilen Sie dem Klassenvorstand Ihres Kindes rechtzeitig mit, dass Sie eine Schulerfolgsbest\u00e4tigung brauchen \u2013 dieser stellt sie dann gleich nach der Jahresschlusskonferenz aus.Eventuell erforderliche Aufnahmepr\u00fcfungen finden am Dienstag, 6. Juli 2021 und am Mittwoch, 7. Juli 2021 statt.Bitte beachten Sie, dass eine Verst\u00e4ndigung zur Aufnahmepr\u00fcfung nicht erfolgen kann!Im Juli erhalten Sie eine schriftliche Verst\u00e4ndigung bez\u00fcglich der verbindlichen Aufnahme Ihres Kindes in das BORG Bad Leonfelden \u2013 mit allen wichtigen Informationen f\u00fcr den Schulbeginn 2021\/22! DI Mag. Josef Enzenhofer, Direktor<\/p>\n","protected":false},"author":17,"featured_media":0,"parent":0,"menu_order":0,"comment_status":"closed","ping_status":"closed","template":"","meta":{"footnotes":""},"class_list":["post-13150","page","type-page","status-publish","hentry"],"_links":{"self":[{"href":"https:\/\/www.wo-ho.at\/borg\/wp-json\/wp\/v2\/pages\/13150","targetHints":{"allow":["GET"]}}],"collection":[{"href":"https:\/\/www.wo-ho.at\/borg\/wp-json\/wp\/v2\/pages"}],"about":[{"href":"https:\/\/www.wo-ho.at\/borg\/wp-json\/wp\/v2\/types\/page"}],"author":[{"embeddable":true,"href":"https:\/\/www.wo-ho.at\/borg\/wp-json\/wp\/v2\/users\/17"}],"replies":[{"embeddable":true,"href":"https:\/\/www.wo-ho.at\/borg\/wp-json\/wp\/v2\/comments?post=13150"}],"version-history":[{"count":7,"href":"https:\/\/www.wo-ho.at\/borg\/wp-json\/wp\/v2\/pages\/13150\/revisions"}],"predecessor-version":[{"id":13161,"href":"https:\/\/www.wo-ho.at\/borg\/wp-json\/wp\/v2\/pages\/13150\/revisions\/13161"}],"wp:attachment":[{"href":"https:\/\/www.wo-ho.at\/borg\/wp-json\/wp\/v2\/media?parent=13150"}],"curies":[{"name":"wp","href":"https:\/\/api.w.org\/{rel}","templated":true}]}}