{"id":12709,"date":"2021-01-29T06:20:15","date_gmt":"2021-01-29T05:20:15","guid":{"rendered":"https:\/\/www.wo-ho.at\/borg\/?page_id=12709"},"modified":"2021-01-29T06:21:15","modified_gmt":"2021-01-29T05:21:15","slug":"leitbild","status":"publish","type":"page","link":"https:\/\/www.wo-ho.at\/borg\/leitbild\/","title":{"rendered":"Leitbild"},"content":{"rendered":"\t\t<div data-elementor-type=\"wp-page\" data-elementor-id=\"12709\" class=\"elementor elementor-12709\" data-elementor-settings=\"[]\">\n\t\t\t\t\t\t\t<div class=\"elementor-section-wrap\">\n\t\t\t\t\t\t\t<section class=\"elementor-section elementor-top-section elementor-element elementor-element-4ee5341 elementor-section-boxed elementor-section-height-default elementor-section-height-default\" data-id=\"4ee5341\" data-element_type=\"section\">\n\t\t\t\t\t\t<div class=\"elementor-container elementor-column-gap-default\">\n\t\t\t\t\t<div class=\"elementor-column elementor-col-100 elementor-top-column elementor-element elementor-element-33fee0b\" data-id=\"33fee0b\" data-element_type=\"column\">\n\t\t\t<div class=\"elementor-widget-wrap elementor-element-populated\">\n\t\t\t\t\t\t\t\t<div class=\"elementor-element elementor-element-b6e8859 elementor-widget elementor-widget-text-editor\" data-id=\"b6e8859\" data-element_type=\"widget\" data-widget_type=\"text-editor.default\">\n\t\t\t\t<div class=\"elementor-widget-container\">\n\t\t\t\t\t<div class=\"elementor-text-editor elementor-clearfix\"><p>Wir verstehen uns als Schule, in der<\/p><ul><li>Schl\u00fcsselqualifikation<\/li><li>Allgemeinbildung<\/li><li>Leistungsbereitschaft und Lernklima<\/li><li>Werthaltungen und soziale Kompetenz<\/li><li>Offenheit und Toleranz<\/li><li>M\u00fcndigkeit und Eigenverantwortung<\/li><li>Innovation und Fortschritt<\/li><li>Kreativit\u00e4t und Individualit\u00e4t<\/li><li>Bewegungs- und Gesundheitskultur<\/li><li>Regionalit\u00e4t und Weltoffenheit<\/li><\/ul><p>uns ein besonderes Anliegen sind.<\/p><h1>Schulprogramm<\/h1><p><strong>Standort \u2013 regionale Aspekte<\/strong><\/p><ul><li>Hohes Bildungsangebot und Bildungschancen f\u00fcr die Jugend im grenznahen Raum<\/li><li>kurze Fahrtwege f\u00fcr Jugendliche in der Region<\/li><li>Bedeutung f\u00fcr die Stadt: Wirtschaftsimpulse<\/li><li>Teilnahme an zahlreichen Projekten mit der Stadtgemeinde bzw. Wirtschaft von Bad Leonfelden<\/li><li>St\u00e4rkung der Hauptschulen\/NMS in der Region (verringert das Auspendeln der Zehn- bis Vierzehnj\u00e4hrigen in den Ballungsraum<\/li><\/ul><p><strong>Qualit\u00e4tssicherung und Schulentwicklung<\/strong><\/p><ul><li>Kunst-Zweig mit modernem Schwerpunkt in \u201eMedien Design\u201c;<\/li><li>MENATEC (naturwissenschaftlicher Zweig MENSCH-NATUR-TECHNIK; erg\u00e4nzt durch Laborstunden)<\/li><li>Musik-Zweig mit attraktivem Studienangebot; Konzerte, Musical,\u2026<\/li><li>Verst\u00e4rkung des Informatik-Angebotes + ECDL<\/li><li>zahlreiche Schulversuche als innovativer Schwerpunkt (Ethik,Reifepr\u00fcfung Englisch,\u00a0Mediendesign)<\/li><li>Begabtenf\u00f6rderung durch Angebote im WPG<\/li><li>\u201cWohlf\u00fchlschule\u201c: immer schon ein Trumpf unserer \u201ekleinen aber \u00fcbersichtlichen\u201c Schule; F\u00f6rderung der Schulgemeinschaft; Schaffung sog. \u201eWohlf\u00fchlzonen\u201c;\u00a0Zertifikat \u201cGesunde Schule\u201d; Zertifikat \u201cGUUTE-Schule\u201d; Peers in den Bereichen\u00a0Suchtpr\u00e4vention; Mediation, Gewaltpr\u00e4vention;Cyberpeers;<\/li><li>F\u00f6rderung der sozialen Kompetenz: zahlreiche Projekte in den letzten Jahren; Einf\u00fchrung von Tutorenkursen \u201eSch\u00fcler\/innen helfen Sch\u00fcler\/innen\u201c; gegenseitige Lernhilfe;<\/li><li>Angebot an F\u00f6rderkursen!<\/li><li>Kommunikation \u2013 Pr\u00e4sentation \u2013 Recherchearbeit mit digitalen Medien<\/li><\/ul><p><strong>Freundschaften aufbauen \u00fcber Grenzen<\/strong><\/p><ul><li>seit 2003\/04 Schulpartnerschaft mit bisch\u00f6flichem Gymnasium in Budweis (Aufnahme von Gastsch\u00fclerInnen)<\/li><li>seit 2004\/05 Schulpartnerschaft mit Gymansium in Kaplice (Aufnahme von Gastsch\u00fclern, sportliche Projekte)<\/li><li>seit vielen Jahren Sprach- und Projektwochen im Ausland (Frankreich, Spanien, Italien)<\/li><li>F\u00f6rderung von Auslandsaufenthalten unserer Sch\u00fcler\/innen<\/li><li>Aufnahme von Gastsch\u00fclerinnen aus vielen L\u00e4ndern der Welt<\/li><\/ul><p>Zahl der Maturant\/innen: bereits \u00fcber 1.300 Absolventinnen und Absolventen!<\/p><p><strong>Veranstaltung zahlreicher kleinerer und gr\u00f6\u00dferer Projekte<\/strong><\/p><ul><li>Allj\u00e4hrliche Konzerte bei kath. Messen; in Schulen der Region<\/li><li>Theaterst\u00fccke: \u201eTill Eulenspiegel\u201c im Jahr 2007; \u201eLiebe, Lust &amp; Leidenschaft\u201c im Jahr 2008<\/li><li>Soziale Projekttage: 2012 \u201cNGOs und die Weltretter\u201d<\/li><li>Abend der K\u00fcnste \u201cARTig\u201d seit 2012\/13<\/li><li>Kinoabend \u201cPLAY1\u201d im Kinotreff Leone<\/li><li>Kindermusical f\u00fcr die Volksschulen<\/li><li>Abend der K\u00fcnste \u201cgro\u00dfARTig\u201d 2013\/14<\/li><li>Abend der K\u00fcnste \u201ceigenARTig\u201d 2014\/15<\/li><li>Abend der K\u00fcnste \u201cneuARTig\u201d 2018\/19<\/li><\/ul><\/div>\n\t\t\t\t<\/div>\n\t\t\t\t<\/div>\n\t\t\t\t\t<\/div>\n\t\t<\/div>\n\t\t\t\t\t\t\t<\/div>\n\t\t<\/section>\n\t\t\t\t\t\t<\/div>\n\t\t\t\t\t<\/div>\n\t\t","protected":false},"excerpt":{"rendered":"<p>Wir verstehen uns als Schule, in der Schl\u00fcsselqualifikation Allgemeinbildung Leistungsbereitschaft und Lernklima Werthaltungen und soziale Kompetenz Offenheit und Toleranz M\u00fcndigkeit und Eigenverantwortung Innovation und Fortschritt Kreativit\u00e4t und Individualit\u00e4t Bewegungs- und Gesundheitskultur Regionalit\u00e4t und Weltoffenheit uns ein besonderes Anliegen sind. Schulprogramm Standort \u2013 regionale Aspekte Hohes Bildungsangebot und Bildungschancen f\u00fcr die Jugend im grenznahen Raum kurze Fahrtwege f\u00fcr Jugendliche in der Region Bedeutung f\u00fcr die Stadt: Wirtschaftsimpulse Teilnahme an zahlreichen Projekten mit der Stadtgemeinde bzw. Wirtschaft von Bad Leonfelden St\u00e4rkung der Hauptschulen\/NMS in der Region (verringert das Auspendeln der Zehn- bis Vierzehnj\u00e4hrigen in den Ballungsraum Qualit\u00e4tssicherung und Schulentwicklung Kunst-Zweig mit modernem Schwerpunkt in \u201eMedien Design\u201c; MENATEC (naturwissenschaftlicher Zweig MENSCH-NATUR-TECHNIK; erg\u00e4nzt durch Laborstunden) Musik-Zweig mit attraktivem Studienangebot; Konzerte, Musical,\u2026 Verst\u00e4rkung des Informatik-Angebotes + ECDL zahlreiche Schulversuche als innovativer Schwerpunkt (Ethik,Reifepr\u00fcfung Englisch,\u00a0Mediendesign) Begabtenf\u00f6rderung durch Angebote im WPG \u201cWohlf\u00fchlschule\u201c: immer schon ein Trumpf unserer \u201ekleinen aber \u00fcbersichtlichen\u201c Schule; F\u00f6rderung der Schulgemeinschaft; Schaffung sog. \u201eWohlf\u00fchlzonen\u201c;\u00a0Zertifikat \u201cGesunde Schule\u201d; Zertifikat \u201cGUUTE-Schule\u201d; Peers in den Bereichen\u00a0Suchtpr\u00e4vention; Mediation, Gewaltpr\u00e4vention;Cyberpeers; F\u00f6rderung der sozialen Kompetenz: zahlreiche Projekte in den letzten Jahren; Einf\u00fchrung von Tutorenkursen \u201eSch\u00fcler\/innen helfen Sch\u00fcler\/innen\u201c; gegenseitige Lernhilfe; Angebot an F\u00f6rderkursen! Kommunikation \u2013 Pr\u00e4sentation \u2013 Recherchearbeit mit digitalen Medien Freundschaften aufbauen \u00fcber Grenzen seit 2003\/04 Schulpartnerschaft mit bisch\u00f6flichem Gymnasium in Budweis (Aufnahme von Gastsch\u00fclerInnen) seit 2004\/05 Schulpartnerschaft mit Gymansium in Kaplice (Aufnahme von Gastsch\u00fclern, sportliche Projekte) seit vielen Jahren Sprach- und Projektwochen im Ausland (Frankreich, Spanien, Italien) F\u00f6rderung von Auslandsaufenthalten unserer Sch\u00fcler\/innen Aufnahme von Gastsch\u00fclerinnen aus vielen L\u00e4ndern der Welt Zahl der Maturant\/innen: bereits \u00fcber 1.300 Absolventinnen und Absolventen! Veranstaltung zahlreicher kleinerer und gr\u00f6\u00dferer Projekte Allj\u00e4hrliche Konzerte bei kath. Messen; in Schulen der Region Theaterst\u00fccke: \u201eTill Eulenspiegel\u201c im Jahr 2007; \u201eLiebe, Lust &amp; Leidenschaft\u201c im Jahr 2008 Soziale Projekttage: 2012 \u201cNGOs und die Weltretter\u201d Abend der K\u00fcnste \u201cARTig\u201d seit 2012\/13 Kinoabend \u201cPLAY1\u201d im Kinotreff Leone Kindermusical f\u00fcr die Volksschulen Abend der K\u00fcnste \u201cgro\u00dfARTig\u201d 2013\/14 Abend der K\u00fcnste \u201ceigenARTig\u201d 2014\/15 Abend der K\u00fcnste \u201cneuARTig\u201d 2018\/19<\/p>\n","protected":false},"author":17,"featured_media":0,"parent":0,"menu_order":0,"comment_status":"closed","ping_status":"closed","template":"","meta":{"footnotes":""},"class_list":["post-12709","page","type-page","status-publish","hentry"],"_links":{"self":[{"href":"https:\/\/www.wo-ho.at\/borg\/wp-json\/wp\/v2\/pages\/12709","targetHints":{"allow":["GET"]}}],"collection":[{"href":"https:\/\/www.wo-ho.at\/borg\/wp-json\/wp\/v2\/pages"}],"about":[{"href":"https:\/\/www.wo-ho.at\/borg\/wp-json\/wp\/v2\/types\/page"}],"author":[{"embeddable":true,"href":"https:\/\/www.wo-ho.at\/borg\/wp-json\/wp\/v2\/users\/17"}],"replies":[{"embeddable":true,"href":"https:\/\/www.wo-ho.at\/borg\/wp-json\/wp\/v2\/comments?post=12709"}],"version-history":[{"count":4,"href":"https:\/\/www.wo-ho.at\/borg\/wp-json\/wp\/v2\/pages\/12709\/revisions"}],"predecessor-version":[{"id":12713,"href":"https:\/\/www.wo-ho.at\/borg\/wp-json\/wp\/v2\/pages\/12709\/revisions\/12713"}],"wp:attachment":[{"href":"https:\/\/www.wo-ho.at\/borg\/wp-json\/wp\/v2\/media?parent=12709"}],"curies":[{"name":"wp","href":"https:\/\/api.w.org\/{rel}","templated":true}]}}